
{"id":1170,"date":"2025-04-08T10:44:59","date_gmt":"2025-04-08T08:44:59","guid":{"rendered":"https:\/\/proshop.filterrefresh.se\/?post_type=product&#038;p=1170"},"modified":"2025-04-11T12:13:47","modified_gmt":"2025-04-11T10:13:47","slug":"skyddsmutter-for-tryckror-och-sensorer-m14x15-92-10-2085","status":"publish","type":"product","link":"https:\/\/proshop.filterrefresh.se\/en\/product\/skyddsmutter-for-tryckror-och-sensorer-m14x15-92-10-2085\/","title":{"rendered":"F\u00e4stmutter f\u00f6r CO-intagsr\u00f6r M14x1,5 &#8211; 92 10 2085"},"content":{"rendered":"<p>F\u00e4stmutter M14x1,5 f\u00f6r att s\u00e4tta igen CO-intagsr\u00f6r mm.<\/p>\n<p>Kan levereras i annat utseende \u00e4n det som visas.<\/p>\n<p>S\u00e4ljes styckvis.<\/p>","protected":false},"excerpt":{"rendered":"<p>F\u00e4stmutter M14x1,5 f\u00f6r att s\u00e4tta igen CO-intagsr\u00f6r mm.<\/p>","protected":false},"featured_media":1172,"template":"","meta":{"_acf_changed":false},"product_brand":[334],"product_cat":[345],"product_tag":[353,357,356,354,350,355],"class_list":{"0":"post-1170","1":"product","2":"type-product","3":"status-publish","4":"has-post-thumbnail","6":"product_brand-hjs","7":"product_cat-reparationsdelar","8":"product_tag-audi","9":"product_tag-fastmutter","10":"product_tag-porsche","11":"product_tag-skoda","12":"product_tag-skyddsmutter","13":"product_tag-volkswagen","14":"product_shipping_class-brev","16":"first","17":"instock","18":"taxable","19":"shipping-taxable","20":"purchasable","21":"product-type-simple"},"acf":[],"yoast_head":"<!-- This site is optimized with the Yoast SEO plugin v26.3 - https:\/\/yoast.com\/wordpress\/plugins\/seo\/ -->\n<title>F\u00e4stmutter f\u00f6r CO-intagsr\u00f6r M14x1,5 - 92 10 2085 - Filter Refresh Proshop<\/title>\n<meta name=\"robots\" content=\"index, follow, max-snippet:-1, max-image-preview:large, max-video-preview:-1\" \/>\n<link rel=\"canonical\" href=\"https:\/\/proshop.filterrefresh.se\/en\/product\/skyddsmutter-for-tryckror-och-sensorer-m14x15-92-10-2085\/\" \/>\n<meta property=\"og:locale\" content=\"en_GB\" \/>\n<meta property=\"og:type\" content=\"article\" \/>\n<meta property=\"og:title\" content=\"F\u00e4stmutter f\u00f6r CO-intagsr\u00f6r M14x1,5 - 92 10 2085 - Filter Refresh Proshop\" \/>\n<meta property=\"og:description\" content=\"F\u00e4stmutter M14x1,5 f\u00f6r att s\u00e4tta igen CO-intagsr\u00f6r mm.\" \/>\n<meta property=\"og:url\" content=\"https:\/\/proshop.filterrefresh.se\/en\/product\/skyddsmutter-for-tryckror-och-sensorer-m14x15-92-10-2085\/\" \/>\n<meta property=\"og:site_name\" content=\"Filter Refresh Proshop\" \/>\n<meta property=\"article:publisher\" content=\"https:\/\/www.facebook.com\/filterrefresh\" \/>\n<meta property=\"article:modified_time\" content=\"2025-04-11T10:13:47+00:00\" \/>\n<meta property=\"og:image\" content=\"https:\/\/proshop.filterrefresh.se\/wp-content\/uploads\/2025\/04\/A1D91ECE-A10B-42B9-B5B2-086B9F3E9E55_1_105_c-1.avif\" \/>\n\t<meta property=\"og:image:width\" content=\"886\" \/>\n\t<meta property=\"og:image:height\" content=\"886\" \/>\n\t<meta property=\"og:image:type\" content=\"image\/jpeg\" \/>\n<meta name=\"twitter:card\" content=\"summary_large_image\" \/>\n<script type=\"application\/ld+json\" class=\"yoast-schema-graph\">{\"@context\":\"https:\/\/schema.org\",\"@graph\":[{\"@type\":\"WebPage\",\"@id\":\"https:\/\/proshop.filterrefresh.se\/produkt\/skyddsmutter-for-tryckror-och-sensorer-m14x15-92-10-2085\/\",\"url\":\"https:\/\/proshop.filterrefresh.se\/produkt\/skyddsmutter-for-tryckror-och-sensorer-m14x15-92-10-2085\/\",\"name\":\"F\u00e4stmutter f\u00f6r CO-intagsr\u00f6r M14x1,5 - 92 10 2085 - Filter Refresh Proshop\",\"isPartOf\":{\"@id\":\"https:\/\/proshop.filterrefresh.se\/#website\"},\"primaryImageOfPage\":{\"@id\":\"https:\/\/proshop.filterrefresh.se\/produkt\/skyddsmutter-for-tryckror-och-sensorer-m14x15-92-10-2085\/#primaryimage\"},\"image\":{\"@id\":\"https:\/\/proshop.filterrefresh.se\/produkt\/skyddsmutter-for-tryckror-och-sensorer-m14x15-92-10-2085\/#primaryimage\"},\"thumbnailUrl\":\"https:\/\/proshop.filterrefresh.se\/wp-content\/uploads\/2025\/04\/A1D91ECE-A10B-42B9-B5B2-086B9F3E9E55_1_105_c-1.avif\",\"datePublished\":\"2025-04-08T08:44:59+00:00\",\"dateModified\":\"2025-04-11T10:13:47+00:00\",\"breadcrumb\":{\"@id\":\"https:\/\/proshop.filterrefresh.se\/produkt\/skyddsmutter-for-tryckror-och-sensorer-m14x15-92-10-2085\/#breadcrumb\"},\"inLanguage\":\"en-GB\",\"potentialAction\":[{\"@type\":\"ReadAction\",\"target\":[\"https:\/\/proshop.filterrefresh.se\/produkt\/skyddsmutter-for-tryckror-och-sensorer-m14x15-92-10-2085\/\"]}]},{\"@type\":\"ImageObject\",\"inLanguage\":\"en-GB\",\"@id\":\"https:\/\/proshop.filterrefresh.se\/produkt\/skyddsmutter-for-tryckror-och-sensorer-m14x15-92-10-2085\/#primaryimage\",\"url\":\"https:\/\/proshop.filterrefresh.se\/wp-content\/uploads\/2025\/04\/A1D91ECE-A10B-42B9-B5B2-086B9F3E9E55_1_105_c-1.avif\",\"contentUrl\":\"https:\/\/proshop.filterrefresh.se\/wp-content\/uploads\/2025\/04\/A1D91ECE-A10B-42B9-B5B2-086B9F3E9E55_1_105_c-1.avif\",\"width\":886,\"height\":886},{\"@type\":\"BreadcrumbList\",\"@id\":\"https:\/\/proshop.filterrefresh.se\/produkt\/skyddsmutter-for-tryckror-och-sensorer-m14x15-92-10-2085\/#breadcrumb\",\"itemListElement\":[{\"@type\":\"ListItem\",\"position\":1,\"name\":\"Hem\",\"item\":\"https:\/\/proshop.filterrefresh.se\/\"},{\"@type\":\"ListItem\",\"position\":2,\"name\":\"Butik\",\"item\":\"https:\/\/proshop.filterrefresh.se\/butik\/\"},{\"@type\":\"ListItem\",\"position\":3,\"name\":\"F\u00e4stmutter f\u00f6r CO-intagsr\u00f6r M14x1,5 &#8211; 92 10 2085\"}]},{\"@type\":\"WebSite\",\"@id\":\"https:\/\/proshop.filterrefresh.se\/#website\",\"url\":\"https:\/\/proshop.filterrefresh.se\/\",\"name\":\"Filter Refresh Proshop\",\"description\":\"Specialister p\u00e5 avgaskomponenter\",\"publisher\":{\"@id\":\"https:\/\/proshop.filterrefresh.se\/#organization\"},\"potentialAction\":[{\"@type\":\"SearchAction\",\"target\":{\"@type\":\"EntryPoint\",\"urlTemplate\":\"https:\/\/proshop.filterrefresh.se\/?s={search_term_string}\"},\"query-input\":{\"@type\":\"PropertyValueSpecification\",\"valueRequired\":true,\"valueName\":\"search_term_string\"}}],\"inLanguage\":\"en-GB\"},{\"@type\":\"Organization\",\"@id\":\"https:\/\/proshop.filterrefresh.se\/#organization\",\"name\":\"Filter Refresh Proshop\",\"url\":\"https:\/\/proshop.filterrefresh.se\/\",\"logo\":{\"@type\":\"ImageObject\",\"inLanguage\":\"en-GB\",\"@id\":\"https:\/\/proshop.filterrefresh.se\/#\/schema\/logo\/image\/\",\"url\":\"https:\/\/proshop.filterrefresh.se\/wp-content\/uploads\/2025\/02\/filter-refresh-pro-shop-main-white.webp\",\"contentUrl\":\"https:\/\/proshop.filterrefresh.se\/wp-content\/uploads\/2025\/02\/filter-refresh-pro-shop-main-white.webp\",\"width\":368,\"height\":110,\"caption\":\"Filter Refresh Proshop\"},\"image\":{\"@id\":\"https:\/\/proshop.filterrefresh.se\/#\/schema\/logo\/image\/\"},\"sameAs\":[\"https:\/\/www.facebook.com\/filterrefresh\",\"https:\/\/www.instagram.com\/filter_refresh\"]}]}<\/script>\n<!-- \/ Yoast SEO plugin. -->","yoast_head_json":{"title":"F\u00e4stmutter f\u00f6r CO-intagsr\u00f6r M14x1,5 - 92 10 2085 - Filter Refresh Proshop","robots":{"index":"index","follow":"follow","max-snippet":"max-snippet:-1","max-image-preview":"max-image-preview:large","max-video-preview":"max-video-preview:-1"},"canonical":"https:\/\/proshop.filterrefresh.se\/en\/product\/skyddsmutter-for-tryckror-och-sensorer-m14x15-92-10-2085\/","og_locale":"en_GB","og_type":"article","og_title":"F\u00e4stmutter f\u00f6r CO-intagsr\u00f6r M14x1,5 - 92 10 2085 - Filter Refresh Proshop","og_description":"F\u00e4stmutter M14x1,5 f\u00f6r att s\u00e4tta igen CO-intagsr\u00f6r mm.","og_url":"https:\/\/proshop.filterrefresh.se\/en\/product\/skyddsmutter-for-tryckror-och-sensorer-m14x15-92-10-2085\/","og_site_name":"Filter Refresh Proshop","article_publisher":"https:\/\/www.facebook.com\/filterrefresh","article_modified_time":"2025-04-11T10:13:47+00:00","og_image":[{"width":886,"height":886,"url":"https:\/\/proshop.filterrefresh.se\/wp-content\/uploads\/2025\/04\/A1D91ECE-A10B-42B9-B5B2-086B9F3E9E55_1_105_c-1.avif","type":"image\/jpeg"}],"twitter_card":"summary_large_image","schema":{"@context":"https:\/\/schema.org","@graph":[{"@type":"WebPage","@id":"https:\/\/proshop.filterrefresh.se\/produkt\/skyddsmutter-for-tryckror-och-sensorer-m14x15-92-10-2085\/","url":"https:\/\/proshop.filterrefresh.se\/produkt\/skyddsmutter-for-tryckror-och-sensorer-m14x15-92-10-2085\/","name":"F\u00e4stmutter f\u00f6r CO-intagsr\u00f6r M14x1,5 - 92 10 2085 - Filter Refresh Proshop","isPartOf":{"@id":"https:\/\/proshop.filterrefresh.se\/#website"},"primaryImageOfPage":{"@id":"https:\/\/proshop.filterrefresh.se\/produkt\/skyddsmutter-for-tryckror-och-sensorer-m14x15-92-10-2085\/#primaryimage"},"image":{"@id":"https:\/\/proshop.filterrefresh.se\/produkt\/skyddsmutter-for-tryckror-och-sensorer-m14x15-92-10-2085\/#primaryimage"},"thumbnailUrl":"https:\/\/proshop.filterrefresh.se\/wp-content\/uploads\/2025\/04\/A1D91ECE-A10B-42B9-B5B2-086B9F3E9E55_1_105_c-1.avif","datePublished":"2025-04-08T08:44:59+00:00","dateModified":"2025-04-11T10:13:47+00:00","breadcrumb":{"@id":"https:\/\/proshop.filterrefresh.se\/produkt\/skyddsmutter-for-tryckror-och-sensorer-m14x15-92-10-2085\/#breadcrumb"},"inLanguage":"en-GB","potentialAction":[{"@type":"ReadAction","target":["https:\/\/proshop.filterrefresh.se\/produkt\/skyddsmutter-for-tryckror-och-sensorer-m14x15-92-10-2085\/"]}]},{"@type":"ImageObject","inLanguage":"en-GB","@id":"https:\/\/proshop.filterrefresh.se\/produkt\/skyddsmutter-for-tryckror-och-sensorer-m14x15-92-10-2085\/#primaryimage","url":"https:\/\/proshop.filterrefresh.se\/wp-content\/uploads\/2025\/04\/A1D91ECE-A10B-42B9-B5B2-086B9F3E9E55_1_105_c-1.avif","contentUrl":"https:\/\/proshop.filterrefresh.se\/wp-content\/uploads\/2025\/04\/A1D91ECE-A10B-42B9-B5B2-086B9F3E9E55_1_105_c-1.avif","width":886,"height":886},{"@type":"BreadcrumbList","@id":"https:\/\/proshop.filterrefresh.se\/produkt\/skyddsmutter-for-tryckror-och-sensorer-m14x15-92-10-2085\/#breadcrumb","itemListElement":[{"@type":"ListItem","position":1,"name":"Hem","item":"https:\/\/proshop.filterrefresh.se\/"},{"@type":"ListItem","position":2,"name":"Butik","item":"https:\/\/proshop.filterrefresh.se\/butik\/"},{"@type":"ListItem","position":3,"name":"F\u00e4stmutter f\u00f6r CO-intagsr\u00f6r M14x1,5 &#8211; 92 10 2085"}]},{"@type":"WebSite","@id":"https:\/\/proshop.filterrefresh.se\/#website","url":"https:\/\/proshop.filterrefresh.se\/","name":"Filter Refresh Proshop","description":"Specialister p\u00e5 avgaskomponenter","publisher":{"@id":"https:\/\/proshop.filterrefresh.se\/#organization"},"potentialAction":[{"@type":"SearchAction","target":{"@type":"EntryPoint","urlTemplate":"https:\/\/proshop.filterrefresh.se\/?s={search_term_string}"},"query-input":{"@type":"PropertyValueSpecification","valueRequired":true,"valueName":"search_term_string"}}],"inLanguage":"en-GB"},{"@type":"Organization","@id":"https:\/\/proshop.filterrefresh.se\/#organization","name":"Filter Refresh Proshop","url":"https:\/\/proshop.filterrefresh.se\/","logo":{"@type":"ImageObject","inLanguage":"en-GB","@id":"https:\/\/proshop.filterrefresh.se\/#\/schema\/logo\/image\/","url":"https:\/\/proshop.filterrefresh.se\/wp-content\/uploads\/2025\/02\/filter-refresh-pro-shop-main-white.webp","contentUrl":"https:\/\/proshop.filterrefresh.se\/wp-content\/uploads\/2025\/02\/filter-refresh-pro-shop-main-white.webp","width":368,"height":110,"caption":"Filter Refresh Proshop"},"image":{"@id":"https:\/\/proshop.filterrefresh.se\/#\/schema\/logo\/image\/"},"sameAs":["https:\/\/www.facebook.com\/filterrefresh","https:\/\/www.instagram.com\/filter_refresh"]}]}},"_links":{"self":[{"href":"https:\/\/proshop.filterrefresh.se\/en\/wp-json\/wp\/v2\/product\/1170","targetHints":{"allow":["GET"]}}],"collection":[{"href":"https:\/\/proshop.filterrefresh.se\/en\/wp-json\/wp\/v2\/product"}],"about":[{"href":"https:\/\/proshop.filterrefresh.se\/en\/wp-json\/wp\/v2\/types\/product"}],"wp:featuredmedia":[{"embeddable":true,"href":"https:\/\/proshop.filterrefresh.se\/en\/wp-json\/wp\/v2\/media\/1172"}],"wp:attachment":[{"href":"https:\/\/proshop.filterrefresh.se\/en\/wp-json\/wp\/v2\/media?parent=1170"}],"wp:term":[{"taxonomy":"product_brand","embeddable":true,"href":"https:\/\/proshop.filterrefresh.se\/en\/wp-json\/wp\/v2\/product_brand?post=1170"},{"taxonomy":"product_cat","embeddable":true,"href":"https:\/\/proshop.filterrefresh.se\/en\/wp-json\/wp\/v2\/product_cat?post=1170"},{"taxonomy":"product_tag","embeddable":true,"href":"https:\/\/proshop.filterrefresh.se\/en\/wp-json\/wp\/v2\/product_tag?post=1170"}],"curies":[{"name":"wp","href":"https:\/\/api.w.org\/{rel}","templated":true}]}}