
{"id":1192,"date":"2025-04-08T12:55:46","date_gmt":"2025-04-08T10:55:46","guid":{"rendered":"https:\/\/proshop.filterrefresh.se\/?post_type=product&#038;p=1192"},"modified":"2025-04-08T12:55:47","modified_gmt":"2025-04-08T10:55:47","slug":"svetsganga-for-trycksensor-m16x15-typ-f-92-10-2092","status":"publish","type":"product","link":"https:\/\/proshop.filterrefresh.se\/en\/product\/svetsganga-for-trycksensor-m16x15-typ-f-92-10-2092\/","title":{"rendered":"Svetsg\u00e4nga f\u00f6r trycksensor M16x1,5 Typ F &#8211; 92 10 2092"},"content":{"rendered":"<p>Tryckr\u00f6rsanslutning med ytterdiameter \u00d821mm f\u00f6r anslutning av tryckr\u00f6r fr\u00e5n DPF till differentialtryckgivare eller trycksensor. F\u00f6r tryckr\u00f6r med anslutning typ F.<\/p>\n<p>Svetsas fast p\u00e5 DPF eller katalysator som ers\u00e4ttning f\u00f6r anslutning med skadad g\u00e4nga, t.ex. d\u00e5 tryckr\u00f6r skurit eller l\u00e4ckage. Passar \u00e4ven andra till\u00e4mpningar som kr\u00e4ver denna svetsg\u00e4nga.<\/p>\n<p>S\u00e4ljes styckvis.<\/p>","protected":false},"excerpt":{"rendered":"<p>Tryckr\u00f6rsanslutning med ytterdiameter \u00d821mm f\u00f6r anslutning av tryckr\u00f6r fr\u00e5n DPF till differentialtryckgivare eller trycksensor. F\u00f6r tryckr\u00f6r med anslutning typ F.<\/p>","protected":false},"featured_media":1193,"template":"","meta":{"_acf_changed":false},"product_brand":[334],"product_cat":[345],"product_tag":[319,360,352,359],"class_list":{"0":"post-1192","1":"product","2":"type-product","3":"status-publish","4":"has-post-thumbnail","6":"product_brand-hjs","7":"product_cat-reparationsdelar","8":"product_tag-partikelfilter","9":"product_tag-sotfilter","10":"product_tag-tryckror","11":"product_tag-trycksensor","12":"product_shipping_class-brev","14":"first","15":"instock","16":"taxable","17":"shipping-taxable","18":"purchasable","19":"product-type-simple"},"acf":[],"yoast_head":"<!-- This site is optimized with the Yoast SEO plugin v26.3 - https:\/\/yoast.com\/wordpress\/plugins\/seo\/ -->\n<title>Svetsg\u00e4nga f\u00f6r trycksensor M16x1,5 Typ F - 92 10 2092 - Filter Refresh Proshop<\/title>\n<meta name=\"robots\" content=\"index, follow, max-snippet:-1, max-image-preview:large, max-video-preview:-1\" \/>\n<link rel=\"canonical\" href=\"https:\/\/proshop.filterrefresh.se\/en\/product\/svetsganga-for-trycksensor-m16x15-typ-f-92-10-2092\/\" \/>\n<meta property=\"og:locale\" content=\"en_GB\" \/>\n<meta property=\"og:type\" content=\"article\" \/>\n<meta property=\"og:title\" content=\"Svetsg\u00e4nga f\u00f6r trycksensor M16x1,5 Typ F - 92 10 2092 - Filter Refresh Proshop\" \/>\n<meta property=\"og:description\" content=\"Tryckr\u00f6rsanslutning med ytterdiameter \u00d821mm f\u00f6r anslutning av tryckr\u00f6r fr\u00e5n DPF till differentialtryckgivare eller trycksensor. F\u00f6r tryckr\u00f6r med anslutning typ F.\" \/>\n<meta property=\"og:url\" content=\"https:\/\/proshop.filterrefresh.se\/en\/product\/svetsganga-for-trycksensor-m16x15-typ-f-92-10-2092\/\" \/>\n<meta property=\"og:site_name\" content=\"Filter Refresh Proshop\" \/>\n<meta property=\"article:publisher\" content=\"https:\/\/www.facebook.com\/filterrefresh\" \/>\n<meta property=\"article:modified_time\" content=\"2025-04-08T10:55:47+00:00\" \/>\n<meta name=\"twitter:card\" content=\"summary_large_image\" \/>\n<script type=\"application\/ld+json\" class=\"yoast-schema-graph\">{\"@context\":\"https:\/\/schema.org\",\"@graph\":[{\"@type\":\"WebPage\",\"@id\":\"https:\/\/proshop.filterrefresh.se\/produkt\/svetsganga-for-trycksensor-m16x15-typ-f-92-10-2092\/\",\"url\":\"https:\/\/proshop.filterrefresh.se\/produkt\/svetsganga-for-trycksensor-m16x15-typ-f-92-10-2092\/\",\"name\":\"Svetsg\u00e4nga f\u00f6r trycksensor M16x1,5 Typ F - 92 10 2092 - Filter Refresh Proshop\",\"isPartOf\":{\"@id\":\"https:\/\/proshop.filterrefresh.se\/#website\"},\"primaryImageOfPage\":{\"@id\":\"https:\/\/proshop.filterrefresh.se\/produkt\/svetsganga-for-trycksensor-m16x15-typ-f-92-10-2092\/#primaryimage\"},\"image\":{\"@id\":\"https:\/\/proshop.filterrefresh.se\/produkt\/svetsganga-for-trycksensor-m16x15-typ-f-92-10-2092\/#primaryimage\"},\"thumbnailUrl\":\"https:\/\/proshop.filterrefresh.se\/wp-content\/uploads\/2025\/04\/7C485477-BC20-4438-A0C9-C8FB7611FC94_1_201_a-1-scaled-jpg.avif\",\"datePublished\":\"2025-04-08T10:55:46+00:00\",\"dateModified\":\"2025-04-08T10:55:47+00:00\",\"breadcrumb\":{\"@id\":\"https:\/\/proshop.filterrefresh.se\/produkt\/svetsganga-for-trycksensor-m16x15-typ-f-92-10-2092\/#breadcrumb\"},\"inLanguage\":\"en-GB\",\"potentialAction\":[{\"@type\":\"ReadAction\",\"target\":[\"https:\/\/proshop.filterrefresh.se\/produkt\/svetsganga-for-trycksensor-m16x15-typ-f-92-10-2092\/\"]}]},{\"@type\":\"ImageObject\",\"inLanguage\":\"en-GB\",\"@id\":\"https:\/\/proshop.filterrefresh.se\/produkt\/svetsganga-for-trycksensor-m16x15-typ-f-92-10-2092\/#primaryimage\",\"url\":\"https:\/\/proshop.filterrefresh.se\/wp-content\/uploads\/2025\/04\/7C485477-BC20-4438-A0C9-C8FB7611FC94_1_201_a-1-scaled-jpg.avif\",\"contentUrl\":\"https:\/\/proshop.filterrefresh.se\/wp-content\/uploads\/2025\/04\/7C485477-BC20-4438-A0C9-C8FB7611FC94_1_201_a-1-scaled-jpg.avif\",\"width\":2560,\"height\":2560},{\"@type\":\"BreadcrumbList\",\"@id\":\"https:\/\/proshop.filterrefresh.se\/produkt\/svetsganga-for-trycksensor-m16x15-typ-f-92-10-2092\/#breadcrumb\",\"itemListElement\":[{\"@type\":\"ListItem\",\"position\":1,\"name\":\"Hem\",\"item\":\"https:\/\/proshop.filterrefresh.se\/\"},{\"@type\":\"ListItem\",\"position\":2,\"name\":\"Butik\",\"item\":\"https:\/\/proshop.filterrefresh.se\/butik\/\"},{\"@type\":\"ListItem\",\"position\":3,\"name\":\"Svetsg\u00e4nga f\u00f6r trycksensor M16x1,5 Typ F &#8211; 92 10 2092\"}]},{\"@type\":\"WebSite\",\"@id\":\"https:\/\/proshop.filterrefresh.se\/#website\",\"url\":\"https:\/\/proshop.filterrefresh.se\/\",\"name\":\"Filter Refresh Proshop\",\"description\":\"Specialister p\u00e5 avgaskomponenter\",\"publisher\":{\"@id\":\"https:\/\/proshop.filterrefresh.se\/#organization\"},\"potentialAction\":[{\"@type\":\"SearchAction\",\"target\":{\"@type\":\"EntryPoint\",\"urlTemplate\":\"https:\/\/proshop.filterrefresh.se\/?s={search_term_string}\"},\"query-input\":{\"@type\":\"PropertyValueSpecification\",\"valueRequired\":true,\"valueName\":\"search_term_string\"}}],\"inLanguage\":\"en-GB\"},{\"@type\":\"Organization\",\"@id\":\"https:\/\/proshop.filterrefresh.se\/#organization\",\"name\":\"Filter Refresh Proshop\",\"url\":\"https:\/\/proshop.filterrefresh.se\/\",\"logo\":{\"@type\":\"ImageObject\",\"inLanguage\":\"en-GB\",\"@id\":\"https:\/\/proshop.filterrefresh.se\/#\/schema\/logo\/image\/\",\"url\":\"https:\/\/proshop.filterrefresh.se\/wp-content\/uploads\/2025\/02\/filter-refresh-pro-shop-main-white.webp\",\"contentUrl\":\"https:\/\/proshop.filterrefresh.se\/wp-content\/uploads\/2025\/02\/filter-refresh-pro-shop-main-white.webp\",\"width\":368,\"height\":110,\"caption\":\"Filter Refresh Proshop\"},\"image\":{\"@id\":\"https:\/\/proshop.filterrefresh.se\/#\/schema\/logo\/image\/\"},\"sameAs\":[\"https:\/\/www.facebook.com\/filterrefresh\",\"https:\/\/www.instagram.com\/filter_refresh\"]}]}<\/script>\n<!-- \/ Yoast SEO plugin. -->","yoast_head_json":{"title":"Svetsg\u00e4nga f\u00f6r trycksensor M16x1,5 Typ F - 92 10 2092 - Filter Refresh Proshop","robots":{"index":"index","follow":"follow","max-snippet":"max-snippet:-1","max-image-preview":"max-image-preview:large","max-video-preview":"max-video-preview:-1"},"canonical":"https:\/\/proshop.filterrefresh.se\/en\/product\/svetsganga-for-trycksensor-m16x15-typ-f-92-10-2092\/","og_locale":"en_GB","og_type":"article","og_title":"Svetsg\u00e4nga f\u00f6r trycksensor M16x1,5 Typ F - 92 10 2092 - Filter Refresh Proshop","og_description":"Tryckr\u00f6rsanslutning med ytterdiameter \u00d821mm f\u00f6r anslutning av tryckr\u00f6r fr\u00e5n DPF till differentialtryckgivare eller trycksensor. F\u00f6r tryckr\u00f6r med anslutning typ F.","og_url":"https:\/\/proshop.filterrefresh.se\/en\/product\/svetsganga-for-trycksensor-m16x15-typ-f-92-10-2092\/","og_site_name":"Filter Refresh Proshop","article_publisher":"https:\/\/www.facebook.com\/filterrefresh","article_modified_time":"2025-04-08T10:55:47+00:00","twitter_card":"summary_large_image","schema":{"@context":"https:\/\/schema.org","@graph":[{"@type":"WebPage","@id":"https:\/\/proshop.filterrefresh.se\/produkt\/svetsganga-for-trycksensor-m16x15-typ-f-92-10-2092\/","url":"https:\/\/proshop.filterrefresh.se\/produkt\/svetsganga-for-trycksensor-m16x15-typ-f-92-10-2092\/","name":"Svetsg\u00e4nga f\u00f6r trycksensor M16x1,5 Typ F - 92 10 2092 - Filter Refresh Proshop","isPartOf":{"@id":"https:\/\/proshop.filterrefresh.se\/#website"},"primaryImageOfPage":{"@id":"https:\/\/proshop.filterrefresh.se\/produkt\/svetsganga-for-trycksensor-m16x15-typ-f-92-10-2092\/#primaryimage"},"image":{"@id":"https:\/\/proshop.filterrefresh.se\/produkt\/svetsganga-for-trycksensor-m16x15-typ-f-92-10-2092\/#primaryimage"},"thumbnailUrl":"https:\/\/proshop.filterrefresh.se\/wp-content\/uploads\/2025\/04\/7C485477-BC20-4438-A0C9-C8FB7611FC94_1_201_a-1-scaled-jpg.avif","datePublished":"2025-04-08T10:55:46+00:00","dateModified":"2025-04-08T10:55:47+00:00","breadcrumb":{"@id":"https:\/\/proshop.filterrefresh.se\/produkt\/svetsganga-for-trycksensor-m16x15-typ-f-92-10-2092\/#breadcrumb"},"inLanguage":"en-GB","potentialAction":[{"@type":"ReadAction","target":["https:\/\/proshop.filterrefresh.se\/produkt\/svetsganga-for-trycksensor-m16x15-typ-f-92-10-2092\/"]}]},{"@type":"ImageObject","inLanguage":"en-GB","@id":"https:\/\/proshop.filterrefresh.se\/produkt\/svetsganga-for-trycksensor-m16x15-typ-f-92-10-2092\/#primaryimage","url":"https:\/\/proshop.filterrefresh.se\/wp-content\/uploads\/2025\/04\/7C485477-BC20-4438-A0C9-C8FB7611FC94_1_201_a-1-scaled-jpg.avif","contentUrl":"https:\/\/proshop.filterrefresh.se\/wp-content\/uploads\/2025\/04\/7C485477-BC20-4438-A0C9-C8FB7611FC94_1_201_a-1-scaled-jpg.avif","width":2560,"height":2560},{"@type":"BreadcrumbList","@id":"https:\/\/proshop.filterrefresh.se\/produkt\/svetsganga-for-trycksensor-m16x15-typ-f-92-10-2092\/#breadcrumb","itemListElement":[{"@type":"ListItem","position":1,"name":"Hem","item":"https:\/\/proshop.filterrefresh.se\/"},{"@type":"ListItem","position":2,"name":"Butik","item":"https:\/\/proshop.filterrefresh.se\/butik\/"},{"@type":"ListItem","position":3,"name":"Svetsg\u00e4nga f\u00f6r trycksensor M16x1,5 Typ F &#8211; 92 10 2092"}]},{"@type":"WebSite","@id":"https:\/\/proshop.filterrefresh.se\/#website","url":"https:\/\/proshop.filterrefresh.se\/","name":"Filter Refresh Proshop","description":"Specialister p\u00e5 avgaskomponenter","publisher":{"@id":"https:\/\/proshop.filterrefresh.se\/#organization"},"potentialAction":[{"@type":"SearchAction","target":{"@type":"EntryPoint","urlTemplate":"https:\/\/proshop.filterrefresh.se\/?s={search_term_string}"},"query-input":{"@type":"PropertyValueSpecification","valueRequired":true,"valueName":"search_term_string"}}],"inLanguage":"en-GB"},{"@type":"Organization","@id":"https:\/\/proshop.filterrefresh.se\/#organization","name":"Filter Refresh Proshop","url":"https:\/\/proshop.filterrefresh.se\/","logo":{"@type":"ImageObject","inLanguage":"en-GB","@id":"https:\/\/proshop.filterrefresh.se\/#\/schema\/logo\/image\/","url":"https:\/\/proshop.filterrefresh.se\/wp-content\/uploads\/2025\/02\/filter-refresh-pro-shop-main-white.webp","contentUrl":"https:\/\/proshop.filterrefresh.se\/wp-content\/uploads\/2025\/02\/filter-refresh-pro-shop-main-white.webp","width":368,"height":110,"caption":"Filter Refresh Proshop"},"image":{"@id":"https:\/\/proshop.filterrefresh.se\/#\/schema\/logo\/image\/"},"sameAs":["https:\/\/www.facebook.com\/filterrefresh","https:\/\/www.instagram.com\/filter_refresh"]}]}},"_links":{"self":[{"href":"https:\/\/proshop.filterrefresh.se\/en\/wp-json\/wp\/v2\/product\/1192","targetHints":{"allow":["GET"]}}],"collection":[{"href":"https:\/\/proshop.filterrefresh.se\/en\/wp-json\/wp\/v2\/product"}],"about":[{"href":"https:\/\/proshop.filterrefresh.se\/en\/wp-json\/wp\/v2\/types\/product"}],"wp:featuredmedia":[{"embeddable":true,"href":"https:\/\/proshop.filterrefresh.se\/en\/wp-json\/wp\/v2\/media\/1193"}],"wp:attachment":[{"href":"https:\/\/proshop.filterrefresh.se\/en\/wp-json\/wp\/v2\/media?parent=1192"}],"wp:term":[{"taxonomy":"product_brand","embeddable":true,"href":"https:\/\/proshop.filterrefresh.se\/en\/wp-json\/wp\/v2\/product_brand?post=1192"},{"taxonomy":"product_cat","embeddable":true,"href":"https:\/\/proshop.filterrefresh.se\/en\/wp-json\/wp\/v2\/product_cat?post=1192"},{"taxonomy":"product_tag","embeddable":true,"href":"https:\/\/proshop.filterrefresh.se\/en\/wp-json\/wp\/v2\/product_tag?post=1192"}],"curies":[{"name":"wp","href":"https:\/\/api.w.org\/{rel}","templated":true}]}}