
{"id":1425,"date":"2025-04-14T13:05:20","date_gmt":"2025-04-14T11:05:20","guid":{"rendered":"https:\/\/proshop.filterrefresh.se\/?post_type=product&#038;p=1425"},"modified":"2025-04-14T15:49:59","modified_gmt":"2025-04-14T13:49:59","slug":"partikelfilter-dpf-for-mercedes-5ai001","status":"publish","type":"product","link":"https:\/\/proshop.filterrefresh.se\/en\/product\/partikelfilter-dpf-for-mercedes-5ai001\/","title":{"rendered":"Partikelfilter (DPF) f\u00f6r Mercedes &#8211; 5AI001"},"content":{"rendered":"<p>Fabriksnytt partikelfilter (DPF) f\u00f6r Mercedes tunga fordon, ers\u00e4tter original partikelfiltret. Tillverkat av Dinex, Europas ledande tillverkare av partikelfilter. I rostfritt st\u00e5l med typgodk\u00e4nda substrat som uppfyller Euro 6-kraven.<\/p>\n<ul>\n<li>Typgodk\u00e4nda substrat<\/li>\n<li>OEM-kvalitet<\/li>\n<li>3 \u00e5rs garanti<\/li>\n<li>Tillverkat i EU<\/li>\n<\/ul>\n<p>Levereras komplett med passande avgaspackningar och avgaskl\u00e4mmor.<\/p>\n<p>Passar f\u00f6ljande OE-nummer:<\/p>\n<p>Mercedes:<br \/>\n14903092, 0014903092, 001490309280, A0014903092, 0024904192, 002490419280, A001490309280, A0024904192, A002490419280<\/p>","protected":false},"excerpt":{"rendered":"<p>Fabriksnytt partikelfilter (DPF) f\u00f6r Mercedes tunga fordon, ers\u00e4tter original partikelfiltret.<\/p>\n<ul>\n<li>Typgodk\u00e4nda substrat<\/li>\n<li>OEM-kvalitet<\/li>\n<li>3 \u00e5rs garanti<\/li>\n<li>Tillverkat i EU<\/li>\n<\/ul>","protected":false},"featured_media":1427,"template":"","meta":{"_acf_changed":false},"product_brand":[33],"product_cat":[386],"product_tag":[310,312,319,389],"class_list":{"0":"post-1425","1":"product","2":"type-product","3":"status-publish","4":"has-post-thumbnail","6":"product_brand-dinex","7":"product_cat-partikelfilter-dpf","8":"product_tag-euro-6","9":"product_tag-mercedes","10":"product_tag-partikelfilter","11":"product_tag-tunga-fordon","12":"product_shipping_class-paket","14":"first","15":"instock","16":"taxable","17":"shipping-taxable","18":"purchasable","19":"product-type-simple"},"acf":[],"yoast_head":"<!-- This site is optimized with the Yoast SEO plugin v26.3 - https:\/\/yoast.com\/wordpress\/plugins\/seo\/ -->\n<title>Dinex Partikelfilter (DPF) f\u00f6r Mercedes - 5AI001 - Filter Refresh Proshop<\/title>\n<meta name=\"robots\" content=\"index, follow, max-snippet:-1, max-image-preview:large, max-video-preview:-1\" \/>\n<link rel=\"canonical\" href=\"https:\/\/proshop.filterrefresh.se\/en\/product\/partikelfilter-dpf-for-mercedes-5ai001\/\" \/>\n<meta property=\"og:locale\" content=\"en_GB\" \/>\n<meta property=\"og:type\" content=\"article\" \/>\n<meta property=\"og:title\" content=\"Dinex Partikelfilter (DPF) f\u00f6r Mercedes - 5AI001 - Filter Refresh Proshop\" \/>\n<meta property=\"og:description\" content=\"Fabriksnytt partikelfilter (DPF) f\u00f6r Mercedes tunga fordon, ers\u00e4tter original partikelfiltret.   Typgodk\u00e4nda substrat  OEM-kvalitet  3 \u00e5rs garanti  Tillverkat i EU\" \/>\n<meta property=\"og:url\" content=\"https:\/\/proshop.filterrefresh.se\/en\/product\/partikelfilter-dpf-for-mercedes-5ai001\/\" \/>\n<meta property=\"og:site_name\" content=\"Filter Refresh Proshop\" \/>\n<meta property=\"article:publisher\" content=\"https:\/\/www.facebook.com\/filterrefresh\" \/>\n<meta property=\"article:modified_time\" content=\"2025-04-14T13:49:59+00:00\" \/>\n<meta property=\"og:image\" content=\"https:\/\/proshop.filterrefresh.se\/wp-content\/uploads\/2025\/04\/5AI001-WT_wm.avif\" \/>\n\t<meta property=\"og:image:width\" content=\"500\" \/>\n\t<meta property=\"og:image:height\" content=\"281\" \/>\n\t<meta property=\"og:image:type\" content=\"image\/jpeg\" \/>\n<meta name=\"twitter:card\" content=\"summary_large_image\" \/>\n<meta name=\"twitter:label1\" content=\"Estimated reading time\" \/>\n\t<meta name=\"twitter:data1\" content=\"1 minute\" \/>\n<script type=\"application\/ld+json\" class=\"yoast-schema-graph\">{\"@context\":\"https:\/\/schema.org\",\"@graph\":[{\"@type\":\"WebPage\",\"@id\":\"https:\/\/proshop.filterrefresh.se\/produkt\/partikelfilter-dpf-for-mercedes-5ai001\/\",\"url\":\"https:\/\/proshop.filterrefresh.se\/produkt\/partikelfilter-dpf-for-mercedes-5ai001\/\",\"name\":\"Dinex Partikelfilter (DPF) f\u00f6r Mercedes - 5AI001 - Filter Refresh Proshop\",\"isPartOf\":{\"@id\":\"https:\/\/proshop.filterrefresh.se\/#website\"},\"primaryImageOfPage\":{\"@id\":\"https:\/\/proshop.filterrefresh.se\/produkt\/partikelfilter-dpf-for-mercedes-5ai001\/#primaryimage\"},\"image\":{\"@id\":\"https:\/\/proshop.filterrefresh.se\/produkt\/partikelfilter-dpf-for-mercedes-5ai001\/#primaryimage\"},\"thumbnailUrl\":\"https:\/\/proshop.filterrefresh.se\/wp-content\/uploads\/2025\/04\/5AI001-WT_wm.avif\",\"datePublished\":\"2025-04-14T11:05:20+00:00\",\"dateModified\":\"2025-04-14T13:49:59+00:00\",\"breadcrumb\":{\"@id\":\"https:\/\/proshop.filterrefresh.se\/produkt\/partikelfilter-dpf-for-mercedes-5ai001\/#breadcrumb\"},\"inLanguage\":\"en-GB\",\"potentialAction\":[{\"@type\":\"ReadAction\",\"target\":[\"https:\/\/proshop.filterrefresh.se\/produkt\/partikelfilter-dpf-for-mercedes-5ai001\/\"]}]},{\"@type\":\"ImageObject\",\"inLanguage\":\"en-GB\",\"@id\":\"https:\/\/proshop.filterrefresh.se\/produkt\/partikelfilter-dpf-for-mercedes-5ai001\/#primaryimage\",\"url\":\"https:\/\/proshop.filterrefresh.se\/wp-content\/uploads\/2025\/04\/5AI001-WT_wm.avif\",\"contentUrl\":\"https:\/\/proshop.filterrefresh.se\/wp-content\/uploads\/2025\/04\/5AI001-WT_wm.avif\",\"width\":500,\"height\":281},{\"@type\":\"BreadcrumbList\",\"@id\":\"https:\/\/proshop.filterrefresh.se\/produkt\/partikelfilter-dpf-for-mercedes-5ai001\/#breadcrumb\",\"itemListElement\":[{\"@type\":\"ListItem\",\"position\":1,\"name\":\"Hem\",\"item\":\"https:\/\/proshop.filterrefresh.se\/\"},{\"@type\":\"ListItem\",\"position\":2,\"name\":\"Butik\",\"item\":\"https:\/\/proshop.filterrefresh.se\/butik\/\"},{\"@type\":\"ListItem\",\"position\":3,\"name\":\"Partikelfilter (DPF) f\u00f6r Mercedes &#8211; 5AI001\"}]},{\"@type\":\"WebSite\",\"@id\":\"https:\/\/proshop.filterrefresh.se\/#website\",\"url\":\"https:\/\/proshop.filterrefresh.se\/\",\"name\":\"Filter Refresh Proshop\",\"description\":\"Specialister p\u00e5 avgaskomponenter\",\"publisher\":{\"@id\":\"https:\/\/proshop.filterrefresh.se\/#organization\"},\"potentialAction\":[{\"@type\":\"SearchAction\",\"target\":{\"@type\":\"EntryPoint\",\"urlTemplate\":\"https:\/\/proshop.filterrefresh.se\/?s={search_term_string}\"},\"query-input\":{\"@type\":\"PropertyValueSpecification\",\"valueRequired\":true,\"valueName\":\"search_term_string\"}}],\"inLanguage\":\"en-GB\"},{\"@type\":\"Organization\",\"@id\":\"https:\/\/proshop.filterrefresh.se\/#organization\",\"name\":\"Filter Refresh Proshop\",\"url\":\"https:\/\/proshop.filterrefresh.se\/\",\"logo\":{\"@type\":\"ImageObject\",\"inLanguage\":\"en-GB\",\"@id\":\"https:\/\/proshop.filterrefresh.se\/#\/schema\/logo\/image\/\",\"url\":\"https:\/\/proshop.filterrefresh.se\/wp-content\/uploads\/2025\/02\/filter-refresh-pro-shop-main-white.webp\",\"contentUrl\":\"https:\/\/proshop.filterrefresh.se\/wp-content\/uploads\/2025\/02\/filter-refresh-pro-shop-main-white.webp\",\"width\":368,\"height\":110,\"caption\":\"Filter Refresh Proshop\"},\"image\":{\"@id\":\"https:\/\/proshop.filterrefresh.se\/#\/schema\/logo\/image\/\"},\"sameAs\":[\"https:\/\/www.facebook.com\/filterrefresh\",\"https:\/\/www.instagram.com\/filter_refresh\"]}]}<\/script>\n<!-- \/ Yoast SEO plugin. -->","yoast_head_json":{"title":"Dinex Partikelfilter (DPF) f\u00f6r Mercedes - 5AI001 - Filter Refresh Proshop","robots":{"index":"index","follow":"follow","max-snippet":"max-snippet:-1","max-image-preview":"max-image-preview:large","max-video-preview":"max-video-preview:-1"},"canonical":"https:\/\/proshop.filterrefresh.se\/en\/product\/partikelfilter-dpf-for-mercedes-5ai001\/","og_locale":"en_GB","og_type":"article","og_title":"Dinex Partikelfilter (DPF) f\u00f6r Mercedes - 5AI001 - Filter Refresh Proshop","og_description":"Fabriksnytt partikelfilter (DPF) f\u00f6r Mercedes tunga fordon, ers\u00e4tter original partikelfiltret.   Typgodk\u00e4nda substrat  OEM-kvalitet  3 \u00e5rs garanti  Tillverkat i EU","og_url":"https:\/\/proshop.filterrefresh.se\/en\/product\/partikelfilter-dpf-for-mercedes-5ai001\/","og_site_name":"Filter Refresh Proshop","article_publisher":"https:\/\/www.facebook.com\/filterrefresh","article_modified_time":"2025-04-14T13:49:59+00:00","og_image":[{"width":500,"height":281,"url":"https:\/\/proshop.filterrefresh.se\/wp-content\/uploads\/2025\/04\/5AI001-WT_wm.avif","type":"image\/jpeg"}],"twitter_card":"summary_large_image","twitter_misc":{"Estimated reading time":"1 minute"},"schema":{"@context":"https:\/\/schema.org","@graph":[{"@type":"WebPage","@id":"https:\/\/proshop.filterrefresh.se\/produkt\/partikelfilter-dpf-for-mercedes-5ai001\/","url":"https:\/\/proshop.filterrefresh.se\/produkt\/partikelfilter-dpf-for-mercedes-5ai001\/","name":"Dinex Partikelfilter (DPF) f\u00f6r Mercedes - 5AI001 - Filter Refresh Proshop","isPartOf":{"@id":"https:\/\/proshop.filterrefresh.se\/#website"},"primaryImageOfPage":{"@id":"https:\/\/proshop.filterrefresh.se\/produkt\/partikelfilter-dpf-for-mercedes-5ai001\/#primaryimage"},"image":{"@id":"https:\/\/proshop.filterrefresh.se\/produkt\/partikelfilter-dpf-for-mercedes-5ai001\/#primaryimage"},"thumbnailUrl":"https:\/\/proshop.filterrefresh.se\/wp-content\/uploads\/2025\/04\/5AI001-WT_wm.avif","datePublished":"2025-04-14T11:05:20+00:00","dateModified":"2025-04-14T13:49:59+00:00","breadcrumb":{"@id":"https:\/\/proshop.filterrefresh.se\/produkt\/partikelfilter-dpf-for-mercedes-5ai001\/#breadcrumb"},"inLanguage":"en-GB","potentialAction":[{"@type":"ReadAction","target":["https:\/\/proshop.filterrefresh.se\/produkt\/partikelfilter-dpf-for-mercedes-5ai001\/"]}]},{"@type":"ImageObject","inLanguage":"en-GB","@id":"https:\/\/proshop.filterrefresh.se\/produkt\/partikelfilter-dpf-for-mercedes-5ai001\/#primaryimage","url":"https:\/\/proshop.filterrefresh.se\/wp-content\/uploads\/2025\/04\/5AI001-WT_wm.avif","contentUrl":"https:\/\/proshop.filterrefresh.se\/wp-content\/uploads\/2025\/04\/5AI001-WT_wm.avif","width":500,"height":281},{"@type":"BreadcrumbList","@id":"https:\/\/proshop.filterrefresh.se\/produkt\/partikelfilter-dpf-for-mercedes-5ai001\/#breadcrumb","itemListElement":[{"@type":"ListItem","position":1,"name":"Hem","item":"https:\/\/proshop.filterrefresh.se\/"},{"@type":"ListItem","position":2,"name":"Butik","item":"https:\/\/proshop.filterrefresh.se\/butik\/"},{"@type":"ListItem","position":3,"name":"Partikelfilter (DPF) f\u00f6r Mercedes &#8211; 5AI001"}]},{"@type":"WebSite","@id":"https:\/\/proshop.filterrefresh.se\/#website","url":"https:\/\/proshop.filterrefresh.se\/","name":"Filter Refresh Proshop","description":"Specialister p\u00e5 avgaskomponenter","publisher":{"@id":"https:\/\/proshop.filterrefresh.se\/#organization"},"potentialAction":[{"@type":"SearchAction","target":{"@type":"EntryPoint","urlTemplate":"https:\/\/proshop.filterrefresh.se\/?s={search_term_string}"},"query-input":{"@type":"PropertyValueSpecification","valueRequired":true,"valueName":"search_term_string"}}],"inLanguage":"en-GB"},{"@type":"Organization","@id":"https:\/\/proshop.filterrefresh.se\/#organization","name":"Filter Refresh Proshop","url":"https:\/\/proshop.filterrefresh.se\/","logo":{"@type":"ImageObject","inLanguage":"en-GB","@id":"https:\/\/proshop.filterrefresh.se\/#\/schema\/logo\/image\/","url":"https:\/\/proshop.filterrefresh.se\/wp-content\/uploads\/2025\/02\/filter-refresh-pro-shop-main-white.webp","contentUrl":"https:\/\/proshop.filterrefresh.se\/wp-content\/uploads\/2025\/02\/filter-refresh-pro-shop-main-white.webp","width":368,"height":110,"caption":"Filter Refresh Proshop"},"image":{"@id":"https:\/\/proshop.filterrefresh.se\/#\/schema\/logo\/image\/"},"sameAs":["https:\/\/www.facebook.com\/filterrefresh","https:\/\/www.instagram.com\/filter_refresh"]}]}},"_links":{"self":[{"href":"https:\/\/proshop.filterrefresh.se\/en\/wp-json\/wp\/v2\/product\/1425","targetHints":{"allow":["GET"]}}],"collection":[{"href":"https:\/\/proshop.filterrefresh.se\/en\/wp-json\/wp\/v2\/product"}],"about":[{"href":"https:\/\/proshop.filterrefresh.se\/en\/wp-json\/wp\/v2\/types\/product"}],"wp:featuredmedia":[{"embeddable":true,"href":"https:\/\/proshop.filterrefresh.se\/en\/wp-json\/wp\/v2\/media\/1427"}],"wp:attachment":[{"href":"https:\/\/proshop.filterrefresh.se\/en\/wp-json\/wp\/v2\/media?parent=1425"}],"wp:term":[{"taxonomy":"product_brand","embeddable":true,"href":"https:\/\/proshop.filterrefresh.se\/en\/wp-json\/wp\/v2\/product_brand?post=1425"},{"taxonomy":"product_cat","embeddable":true,"href":"https:\/\/proshop.filterrefresh.se\/en\/wp-json\/wp\/v2\/product_cat?post=1425"},{"taxonomy":"product_tag","embeddable":true,"href":"https:\/\/proshop.filterrefresh.se\/en\/wp-json\/wp\/v2\/product_tag?post=1425"}],"curies":[{"name":"wp","href":"https:\/\/api.w.org\/{rel}","templated":true}]}}