
{"id":1444,"date":"2025-04-14T16:23:34","date_gmt":"2025-04-14T14:23:34","guid":{"rendered":"https:\/\/proshop.filterrefresh.se\/?post_type=product&#038;p=1444"},"modified":"2025-04-14T16:23:34","modified_gmt":"2025-04-14T14:23:34","slug":"partikelfilter-dpf-for-mercedes-5ai017","status":"publish","type":"product","link":"https:\/\/proshop.filterrefresh.se\/en\/product\/partikelfilter-dpf-for-mercedes-5ai017\/","title":{"rendered":"Particulate filter (DPF) for Mercedes - 5AI017"},"content":{"rendered":"<p>Fabriksnytt partikelfilter (DPF) f\u00f6r Mercedes tunga fordon, ers\u00e4tter original partikelfilter (DPF). Tillverkad i h\u00f6gkvalitativt rostfritt st\u00e5l med typgodk\u00e4nda substrat som uppfyller de strikta Euro 6-kraven.<\/p>\n<ul>\n<li>Typgodk\u00e4nda substrat<\/li>\n<li>Kvalit\u00e9: OEM<\/li>\n<li>3 \u00e5rs garanti<\/li>\n<li>Tillverkat i EU<\/li>\n<\/ul>\n<p>Skickas komplett med passande avgaspackningar och avgaskl\u00e4mmor.<\/p>\n<p>Kompatibel med:<br \/>\n0004906292, 000490629280, 0014906592, 001490659280, 0014906992, 001490699280, 0024909392, 002490939280, A0004906292, A000490629280, A0014906592, A001490659280, A0014906992, A001490699280, A0024909392, A002490939280<\/p>","protected":false},"excerpt":{"rendered":"<p>Fabriksnytt partikelfilter (DPF) f\u00f6r Mercedes tunga fordon, ers\u00e4tter original partikelfilter (DPF).<\/p>\n<ul>\n<li>Typgodk\u00e4nda substrat<\/li>\n<li>Kvalit\u00e9: OEM<\/li>\n<li>3 \u00e5rs garanti<\/li>\n<li>Tillverkat i EU<\/li>\n<\/ul>","protected":false},"featured_media":1446,"template":"","meta":{"_acf_changed":false},"product_brand":[33],"product_cat":[386],"product_tag":[325,310,312,319,389],"class_list":{"0":"post-1444","1":"product","2":"type-product","3":"status-publish","4":"has-post-thumbnail","6":"product_brand-dinex","7":"product_cat-partikelfilter-dpf","8":"product_tag-dpf","9":"product_tag-euro-6","10":"product_tag-mercedes","11":"product_tag-partikelfilter","12":"product_tag-tunga-fordon","13":"product_shipping_class-paket","15":"first","16":"instock","17":"taxable","18":"shipping-taxable","19":"purchasable","20":"product-type-simple"},"acf":[],"yoast_head":"<!-- This site is optimized with the Yoast SEO plugin v26.3 - https:\/\/yoast.com\/wordpress\/plugins\/seo\/ -->\n<title>Partikelfilter (DPF) f\u00f6r Mercedes - 5AI017 - Filter Refresh Proshop<\/title>\n<meta name=\"robots\" content=\"index, follow, max-snippet:-1, max-image-preview:large, max-video-preview:-1\" \/>\n<link rel=\"canonical\" href=\"https:\/\/proshop.filterrefresh.se\/en\/product\/partikelfilter-dpf-for-mercedes-5ai017\/\" \/>\n<meta property=\"og:locale\" content=\"en_GB\" \/>\n<meta property=\"og:type\" content=\"article\" \/>\n<meta property=\"og:title\" content=\"Partikelfilter (DPF) f\u00f6r Mercedes - 5AI017 - Filter Refresh Proshop\" \/>\n<meta property=\"og:description\" content=\"Fabriksnytt partikelfilter (DPF) f\u00f6r Mercedes tunga fordon, ers\u00e4tter original partikelfilter (DPF).   Typgodk\u00e4nda substrat  Kvalit\u00e9: OEM  3 \u00e5rs garanti  Tillverkat i EU\" \/>\n<meta property=\"og:url\" content=\"https:\/\/proshop.filterrefresh.se\/en\/product\/partikelfilter-dpf-for-mercedes-5ai017\/\" \/>\n<meta property=\"og:site_name\" content=\"Filter Refresh Proshop\" \/>\n<meta property=\"article:publisher\" content=\"https:\/\/www.facebook.com\/filterrefresh\" \/>\n<meta property=\"og:image\" content=\"https:\/\/proshop.filterrefresh.se\/wp-content\/uploads\/2025\/04\/5AI017-2_wm.avif\" \/>\n\t<meta property=\"og:image:width\" content=\"500\" \/>\n\t<meta property=\"og:image:height\" content=\"410\" \/>\n\t<meta property=\"og:image:type\" content=\"image\/jpeg\" \/>\n<meta name=\"twitter:card\" content=\"summary_large_image\" \/>\n<meta name=\"twitter:label1\" content=\"Estimated reading time\" \/>\n\t<meta name=\"twitter:data1\" content=\"1 minute\" \/>\n<script type=\"application\/ld+json\" class=\"yoast-schema-graph\">{\"@context\":\"https:\/\/schema.org\",\"@graph\":[{\"@type\":\"WebPage\",\"@id\":\"https:\/\/proshop.filterrefresh.se\/produkt\/partikelfilter-dpf-for-mercedes-5ai017\/\",\"url\":\"https:\/\/proshop.filterrefresh.se\/produkt\/partikelfilter-dpf-for-mercedes-5ai017\/\",\"name\":\"Partikelfilter (DPF) f\u00f6r Mercedes - 5AI017 - Filter Refresh Proshop\",\"isPartOf\":{\"@id\":\"https:\/\/proshop.filterrefresh.se\/#website\"},\"primaryImageOfPage\":{\"@id\":\"https:\/\/proshop.filterrefresh.se\/produkt\/partikelfilter-dpf-for-mercedes-5ai017\/#primaryimage\"},\"image\":{\"@id\":\"https:\/\/proshop.filterrefresh.se\/produkt\/partikelfilter-dpf-for-mercedes-5ai017\/#primaryimage\"},\"thumbnailUrl\":\"https:\/\/proshop.filterrefresh.se\/wp-content\/uploads\/2025\/04\/5AI017-2_wm.avif\",\"datePublished\":\"2025-04-14T14:23:34+00:00\",\"breadcrumb\":{\"@id\":\"https:\/\/proshop.filterrefresh.se\/produkt\/partikelfilter-dpf-for-mercedes-5ai017\/#breadcrumb\"},\"inLanguage\":\"en-GB\",\"potentialAction\":[{\"@type\":\"ReadAction\",\"target\":[\"https:\/\/proshop.filterrefresh.se\/produkt\/partikelfilter-dpf-for-mercedes-5ai017\/\"]}]},{\"@type\":\"ImageObject\",\"inLanguage\":\"en-GB\",\"@id\":\"https:\/\/proshop.filterrefresh.se\/produkt\/partikelfilter-dpf-for-mercedes-5ai017\/#primaryimage\",\"url\":\"https:\/\/proshop.filterrefresh.se\/wp-content\/uploads\/2025\/04\/5AI017-2_wm.avif\",\"contentUrl\":\"https:\/\/proshop.filterrefresh.se\/wp-content\/uploads\/2025\/04\/5AI017-2_wm.avif\",\"width\":500,\"height\":410},{\"@type\":\"BreadcrumbList\",\"@id\":\"https:\/\/proshop.filterrefresh.se\/produkt\/partikelfilter-dpf-for-mercedes-5ai017\/#breadcrumb\",\"itemListElement\":[{\"@type\":\"ListItem\",\"position\":1,\"name\":\"Hem\",\"item\":\"https:\/\/proshop.filterrefresh.se\/\"},{\"@type\":\"ListItem\",\"position\":2,\"name\":\"Butik\",\"item\":\"https:\/\/proshop.filterrefresh.se\/butik\/\"},{\"@type\":\"ListItem\",\"position\":3,\"name\":\"Partikelfilter (DPF) f\u00f6r Mercedes &#8211; 5AI017\"}]},{\"@type\":\"WebSite\",\"@id\":\"https:\/\/proshop.filterrefresh.se\/#website\",\"url\":\"https:\/\/proshop.filterrefresh.se\/\",\"name\":\"Filter Refresh Proshop\",\"description\":\"Specialister p\u00e5 avgaskomponenter\",\"publisher\":{\"@id\":\"https:\/\/proshop.filterrefresh.se\/#organization\"},\"potentialAction\":[{\"@type\":\"SearchAction\",\"target\":{\"@type\":\"EntryPoint\",\"urlTemplate\":\"https:\/\/proshop.filterrefresh.se\/?s={search_term_string}\"},\"query-input\":{\"@type\":\"PropertyValueSpecification\",\"valueRequired\":true,\"valueName\":\"search_term_string\"}}],\"inLanguage\":\"en-GB\"},{\"@type\":\"Organization\",\"@id\":\"https:\/\/proshop.filterrefresh.se\/#organization\",\"name\":\"Filter Refresh Proshop\",\"url\":\"https:\/\/proshop.filterrefresh.se\/\",\"logo\":{\"@type\":\"ImageObject\",\"inLanguage\":\"en-GB\",\"@id\":\"https:\/\/proshop.filterrefresh.se\/#\/schema\/logo\/image\/\",\"url\":\"https:\/\/proshop.filterrefresh.se\/wp-content\/uploads\/2025\/02\/filter-refresh-pro-shop-main-white.webp\",\"contentUrl\":\"https:\/\/proshop.filterrefresh.se\/wp-content\/uploads\/2025\/02\/filter-refresh-pro-shop-main-white.webp\",\"width\":368,\"height\":110,\"caption\":\"Filter Refresh Proshop\"},\"image\":{\"@id\":\"https:\/\/proshop.filterrefresh.se\/#\/schema\/logo\/image\/\"},\"sameAs\":[\"https:\/\/www.facebook.com\/filterrefresh\",\"https:\/\/www.instagram.com\/filter_refresh\"]}]}<\/script>\n<!-- \/ Yoast SEO plugin. -->","yoast_head_json":{"title":"Partikelfilter (DPF) f\u00f6r Mercedes - 5AI017 - Filter Refresh Proshop","robots":{"index":"index","follow":"follow","max-snippet":"max-snippet:-1","max-image-preview":"max-image-preview:large","max-video-preview":"max-video-preview:-1"},"canonical":"https:\/\/proshop.filterrefresh.se\/en\/product\/partikelfilter-dpf-for-mercedes-5ai017\/","og_locale":"en_GB","og_type":"article","og_title":"Partikelfilter (DPF) f\u00f6r Mercedes - 5AI017 - Filter Refresh Proshop","og_description":"Fabriksnytt partikelfilter (DPF) f\u00f6r Mercedes tunga fordon, ers\u00e4tter original partikelfilter (DPF).   Typgodk\u00e4nda substrat  Kvalit\u00e9: OEM  3 \u00e5rs garanti  Tillverkat i EU","og_url":"https:\/\/proshop.filterrefresh.se\/en\/product\/partikelfilter-dpf-for-mercedes-5ai017\/","og_site_name":"Filter Refresh Proshop","article_publisher":"https:\/\/www.facebook.com\/filterrefresh","og_image":[{"width":500,"height":410,"url":"https:\/\/proshop.filterrefresh.se\/wp-content\/uploads\/2025\/04\/5AI017-2_wm.avif","type":"image\/jpeg"}],"twitter_card":"summary_large_image","twitter_misc":{"Estimated reading time":"1 minute"},"schema":{"@context":"https:\/\/schema.org","@graph":[{"@type":"WebPage","@id":"https:\/\/proshop.filterrefresh.se\/produkt\/partikelfilter-dpf-for-mercedes-5ai017\/","url":"https:\/\/proshop.filterrefresh.se\/produkt\/partikelfilter-dpf-for-mercedes-5ai017\/","name":"Partikelfilter (DPF) f\u00f6r Mercedes - 5AI017 - Filter Refresh Proshop","isPartOf":{"@id":"https:\/\/proshop.filterrefresh.se\/#website"},"primaryImageOfPage":{"@id":"https:\/\/proshop.filterrefresh.se\/produkt\/partikelfilter-dpf-for-mercedes-5ai017\/#primaryimage"},"image":{"@id":"https:\/\/proshop.filterrefresh.se\/produkt\/partikelfilter-dpf-for-mercedes-5ai017\/#primaryimage"},"thumbnailUrl":"https:\/\/proshop.filterrefresh.se\/wp-content\/uploads\/2025\/04\/5AI017-2_wm.avif","datePublished":"2025-04-14T14:23:34+00:00","breadcrumb":{"@id":"https:\/\/proshop.filterrefresh.se\/produkt\/partikelfilter-dpf-for-mercedes-5ai017\/#breadcrumb"},"inLanguage":"en-GB","potentialAction":[{"@type":"ReadAction","target":["https:\/\/proshop.filterrefresh.se\/produkt\/partikelfilter-dpf-for-mercedes-5ai017\/"]}]},{"@type":"ImageObject","inLanguage":"en-GB","@id":"https:\/\/proshop.filterrefresh.se\/produkt\/partikelfilter-dpf-for-mercedes-5ai017\/#primaryimage","url":"https:\/\/proshop.filterrefresh.se\/wp-content\/uploads\/2025\/04\/5AI017-2_wm.avif","contentUrl":"https:\/\/proshop.filterrefresh.se\/wp-content\/uploads\/2025\/04\/5AI017-2_wm.avif","width":500,"height":410},{"@type":"BreadcrumbList","@id":"https:\/\/proshop.filterrefresh.se\/produkt\/partikelfilter-dpf-for-mercedes-5ai017\/#breadcrumb","itemListElement":[{"@type":"ListItem","position":1,"name":"Hem","item":"https:\/\/proshop.filterrefresh.se\/"},{"@type":"ListItem","position":2,"name":"Butik","item":"https:\/\/proshop.filterrefresh.se\/butik\/"},{"@type":"ListItem","position":3,"name":"Partikelfilter (DPF) f\u00f6r Mercedes &#8211; 5AI017"}]},{"@type":"WebSite","@id":"https:\/\/proshop.filterrefresh.se\/#website","url":"https:\/\/proshop.filterrefresh.se\/","name":"Filter Refresh Proshop","description":"Specialister p\u00e5 avgaskomponenter","publisher":{"@id":"https:\/\/proshop.filterrefresh.se\/#organization"},"potentialAction":[{"@type":"SearchAction","target":{"@type":"EntryPoint","urlTemplate":"https:\/\/proshop.filterrefresh.se\/?s={search_term_string}"},"query-input":{"@type":"PropertyValueSpecification","valueRequired":true,"valueName":"search_term_string"}}],"inLanguage":"en-GB"},{"@type":"Organization","@id":"https:\/\/proshop.filterrefresh.se\/#organization","name":"Filter Refresh Proshop","url":"https:\/\/proshop.filterrefresh.se\/","logo":{"@type":"ImageObject","inLanguage":"en-GB","@id":"https:\/\/proshop.filterrefresh.se\/#\/schema\/logo\/image\/","url":"https:\/\/proshop.filterrefresh.se\/wp-content\/uploads\/2025\/02\/filter-refresh-pro-shop-main-white.webp","contentUrl":"https:\/\/proshop.filterrefresh.se\/wp-content\/uploads\/2025\/02\/filter-refresh-pro-shop-main-white.webp","width":368,"height":110,"caption":"Filter Refresh Proshop"},"image":{"@id":"https:\/\/proshop.filterrefresh.se\/#\/schema\/logo\/image\/"},"sameAs":["https:\/\/www.facebook.com\/filterrefresh","https:\/\/www.instagram.com\/filter_refresh"]}]}},"_links":{"self":[{"href":"https:\/\/proshop.filterrefresh.se\/en\/wp-json\/wp\/v2\/product\/1444","targetHints":{"allow":["GET"]}}],"collection":[{"href":"https:\/\/proshop.filterrefresh.se\/en\/wp-json\/wp\/v2\/product"}],"about":[{"href":"https:\/\/proshop.filterrefresh.se\/en\/wp-json\/wp\/v2\/types\/product"}],"wp:featuredmedia":[{"embeddable":true,"href":"https:\/\/proshop.filterrefresh.se\/en\/wp-json\/wp\/v2\/media\/1446"}],"wp:attachment":[{"href":"https:\/\/proshop.filterrefresh.se\/en\/wp-json\/wp\/v2\/media?parent=1444"}],"wp:term":[{"taxonomy":"product_brand","embeddable":true,"href":"https:\/\/proshop.filterrefresh.se\/en\/wp-json\/wp\/v2\/product_brand?post=1444"},{"taxonomy":"product_cat","embeddable":true,"href":"https:\/\/proshop.filterrefresh.se\/en\/wp-json\/wp\/v2\/product_cat?post=1444"},{"taxonomy":"product_tag","embeddable":true,"href":"https:\/\/proshop.filterrefresh.se\/en\/wp-json\/wp\/v2\/product_tag?post=1444"}],"curies":[{"name":"wp","href":"https:\/\/api.w.org\/{rel}","templated":true}]}}