
{"id":1469,"date":"2025-04-15T09:45:11","date_gmt":"2025-04-15T07:45:11","guid":{"rendered":"https:\/\/proshop.filterrefresh.se\/?post_type=product&#038;p=1469"},"modified":"2025-04-15T10:01:38","modified_gmt":"2025-04-15T08:01:38","slug":"ljuddampare-med-dpf-for-man-4ic000","status":"publish","type":"product","link":"https:\/\/proshop.filterrefresh.se\/en\/product\/ljuddampare-med-dpf-for-man-4ic000\/","title":{"rendered":"Ljudd\u00e4mpare med DPF f\u00f6r MAN &#8211; 4IC000"},"content":{"rendered":"<p>Dinex Ljudd\u00e4mpare (OneBox) f\u00f6r MAN tunga fordon, med artikelnummer 4IC000 i fabriksnytt skick. Eftertr\u00e4dare till <a href=\"https:\/\/proshop.filterrefresh.se\/en\/product\/ljuddampare-utan-partikelfilter-dpf-for-man-4ic025\/\">4IC025<\/a>. Samma eller b\u00e4ttre prestanda j\u00e4mf\u00f6rt med OE p\u00e5 samtliga variabler och \u00e4r ett enast\u00e5ende alternativ till orginalprodukt! Skapad av h\u00f6gkvalitativt rostfritt material och levereras <strong>med<\/strong> partikelfitlter.<\/p>\n<p><b>Passar till OE-nummer: <\/b> 81151036109, 81151036110, 81151036115, 81151036125, 81151036131, 81151036137<\/p>","protected":false},"excerpt":{"rendered":"<p>Dinex Ljudd\u00e4mpare (OneBox) f\u00f6r specifika MAN tunga fordon, med artikelnummer 4IC000 i fabriksnytt skick. Samma eller b\u00e4ttre prestanda j\u00e4mf\u00f6rt med OE p\u00e5 samtliga variabler och \u00e4r ett enast\u00e5ende alternativ till orginalprodukt!<\/p>","protected":false},"featured_media":1470,"template":"","meta":{"_acf_changed":false},"product_brand":[33],"product_cat":[242],"product_tag":[310,324,327,319,389],"class_list":{"0":"post-1469","1":"product","2":"type-product","3":"status-publish","4":"has-post-thumbnail","6":"product_brand-dinex","7":"product_cat-ljuddampare","8":"product_tag-euro-6","9":"product_tag-ljuddampare","10":"product_tag-man","11":"product_tag-partikelfilter","12":"product_tag-tunga-fordon","13":"product_shipping_class-hellpall","15":"first","16":"instock","17":"taxable","18":"shipping-taxable","19":"purchasable","20":"product-type-simple"},"acf":[],"yoast_head":"<!-- This site is optimized with the Yoast SEO plugin v26.3 - https:\/\/yoast.com\/wordpress\/plugins\/seo\/ -->\n<title>Dinex Ljudd\u00e4mpare med DPF f\u00f6r MAN - 4IC000 - Filter Refresh Proshop<\/title>\n<meta name=\"robots\" content=\"index, follow, max-snippet:-1, max-image-preview:large, max-video-preview:-1\" \/>\n<link rel=\"canonical\" href=\"https:\/\/proshop.filterrefresh.se\/en\/product\/ljuddampare-med-dpf-for-man-4ic000\/\" \/>\n<meta property=\"og:locale\" content=\"en_GB\" \/>\n<meta property=\"og:type\" content=\"article\" \/>\n<meta property=\"og:title\" content=\"Dinex Ljudd\u00e4mpare med DPF f\u00f6r MAN - 4IC000 - Filter Refresh Proshop\" \/>\n<meta property=\"og:description\" content=\"Dinex Ljudd\u00e4mpare (OneBox) f\u00f6r specifika MAN tunga fordon, med artikelnummer 4IC000 i fabriksnytt skick. Samma eller b\u00e4ttre prestanda j\u00e4mf\u00f6rt med OE p\u00e5 samtliga variabler och \u00e4r ett enast\u00e5ende alternativ till orginalprodukt!\" \/>\n<meta property=\"og:url\" content=\"https:\/\/proshop.filterrefresh.se\/en\/product\/ljuddampare-med-dpf-for-man-4ic000\/\" \/>\n<meta property=\"og:site_name\" content=\"Filter Refresh Proshop\" \/>\n<meta property=\"article:publisher\" content=\"https:\/\/www.facebook.com\/filterrefresh\" \/>\n<meta property=\"article:modified_time\" content=\"2025-04-15T08:01:38+00:00\" \/>\n<meta property=\"og:image\" content=\"https:\/\/proshop.filterrefresh.se\/wp-content\/uploads\/2025\/04\/4IC000_wm.avif\" \/>\n\t<meta property=\"og:image:width\" content=\"500\" \/>\n\t<meta property=\"og:image:height\" content=\"455\" \/>\n\t<meta property=\"og:image:type\" content=\"image\/jpeg\" \/>\n<meta name=\"twitter:card\" content=\"summary_large_image\" \/>\n<meta name=\"twitter:label1\" content=\"Estimated reading time\" \/>\n\t<meta name=\"twitter:data1\" content=\"1 minute\" \/>\n<script type=\"application\/ld+json\" class=\"yoast-schema-graph\">{\"@context\":\"https:\/\/schema.org\",\"@graph\":[{\"@type\":\"WebPage\",\"@id\":\"https:\/\/proshop.filterrefresh.se\/produkt\/ljuddampare-med-dpf-for-man-4ic000\/\",\"url\":\"https:\/\/proshop.filterrefresh.se\/produkt\/ljuddampare-med-dpf-for-man-4ic000\/\",\"name\":\"Dinex Ljudd\u00e4mpare med DPF f\u00f6r MAN - 4IC000 - Filter Refresh Proshop\",\"isPartOf\":{\"@id\":\"https:\/\/proshop.filterrefresh.se\/#website\"},\"primaryImageOfPage\":{\"@id\":\"https:\/\/proshop.filterrefresh.se\/produkt\/ljuddampare-med-dpf-for-man-4ic000\/#primaryimage\"},\"image\":{\"@id\":\"https:\/\/proshop.filterrefresh.se\/produkt\/ljuddampare-med-dpf-for-man-4ic000\/#primaryimage\"},\"thumbnailUrl\":\"https:\/\/proshop.filterrefresh.se\/wp-content\/uploads\/2025\/04\/4IC000_wm.avif\",\"datePublished\":\"2025-04-15T07:45:11+00:00\",\"dateModified\":\"2025-04-15T08:01:38+00:00\",\"breadcrumb\":{\"@id\":\"https:\/\/proshop.filterrefresh.se\/produkt\/ljuddampare-med-dpf-for-man-4ic000\/#breadcrumb\"},\"inLanguage\":\"en-GB\",\"potentialAction\":[{\"@type\":\"ReadAction\",\"target\":[\"https:\/\/proshop.filterrefresh.se\/produkt\/ljuddampare-med-dpf-for-man-4ic000\/\"]}]},{\"@type\":\"ImageObject\",\"inLanguage\":\"en-GB\",\"@id\":\"https:\/\/proshop.filterrefresh.se\/produkt\/ljuddampare-med-dpf-for-man-4ic000\/#primaryimage\",\"url\":\"https:\/\/proshop.filterrefresh.se\/wp-content\/uploads\/2025\/04\/4IC000_wm.avif\",\"contentUrl\":\"https:\/\/proshop.filterrefresh.se\/wp-content\/uploads\/2025\/04\/4IC000_wm.avif\",\"width\":500,\"height\":455},{\"@type\":\"BreadcrumbList\",\"@id\":\"https:\/\/proshop.filterrefresh.se\/produkt\/ljuddampare-med-dpf-for-man-4ic000\/#breadcrumb\",\"itemListElement\":[{\"@type\":\"ListItem\",\"position\":1,\"name\":\"Hem\",\"item\":\"https:\/\/proshop.filterrefresh.se\/\"},{\"@type\":\"ListItem\",\"position\":2,\"name\":\"Butik\",\"item\":\"https:\/\/proshop.filterrefresh.se\/butik\/\"},{\"@type\":\"ListItem\",\"position\":3,\"name\":\"Ljudd\u00e4mpare med DPF f\u00f6r MAN &#8211; 4IC000\"}]},{\"@type\":\"WebSite\",\"@id\":\"https:\/\/proshop.filterrefresh.se\/#website\",\"url\":\"https:\/\/proshop.filterrefresh.se\/\",\"name\":\"Filter Refresh Proshop\",\"description\":\"Specialister p\u00e5 avgaskomponenter\",\"publisher\":{\"@id\":\"https:\/\/proshop.filterrefresh.se\/#organization\"},\"potentialAction\":[{\"@type\":\"SearchAction\",\"target\":{\"@type\":\"EntryPoint\",\"urlTemplate\":\"https:\/\/proshop.filterrefresh.se\/?s={search_term_string}\"},\"query-input\":{\"@type\":\"PropertyValueSpecification\",\"valueRequired\":true,\"valueName\":\"search_term_string\"}}],\"inLanguage\":\"en-GB\"},{\"@type\":\"Organization\",\"@id\":\"https:\/\/proshop.filterrefresh.se\/#organization\",\"name\":\"Filter Refresh Proshop\",\"url\":\"https:\/\/proshop.filterrefresh.se\/\",\"logo\":{\"@type\":\"ImageObject\",\"inLanguage\":\"en-GB\",\"@id\":\"https:\/\/proshop.filterrefresh.se\/#\/schema\/logo\/image\/\",\"url\":\"https:\/\/proshop.filterrefresh.se\/wp-content\/uploads\/2025\/02\/filter-refresh-pro-shop-main-white.webp\",\"contentUrl\":\"https:\/\/proshop.filterrefresh.se\/wp-content\/uploads\/2025\/02\/filter-refresh-pro-shop-main-white.webp\",\"width\":368,\"height\":110,\"caption\":\"Filter Refresh Proshop\"},\"image\":{\"@id\":\"https:\/\/proshop.filterrefresh.se\/#\/schema\/logo\/image\/\"},\"sameAs\":[\"https:\/\/www.facebook.com\/filterrefresh\",\"https:\/\/www.instagram.com\/filter_refresh\"]}]}<\/script>\n<!-- \/ Yoast SEO plugin. -->","yoast_head_json":{"title":"Dinex Ljudd\u00e4mpare med DPF f\u00f6r MAN - 4IC000 - Filter Refresh Proshop","robots":{"index":"index","follow":"follow","max-snippet":"max-snippet:-1","max-image-preview":"max-image-preview:large","max-video-preview":"max-video-preview:-1"},"canonical":"https:\/\/proshop.filterrefresh.se\/en\/product\/ljuddampare-med-dpf-for-man-4ic000\/","og_locale":"en_GB","og_type":"article","og_title":"Dinex Ljudd\u00e4mpare med DPF f\u00f6r MAN - 4IC000 - Filter Refresh Proshop","og_description":"Dinex Ljudd\u00e4mpare (OneBox) f\u00f6r specifika MAN tunga fordon, med artikelnummer 4IC000 i fabriksnytt skick. Samma eller b\u00e4ttre prestanda j\u00e4mf\u00f6rt med OE p\u00e5 samtliga variabler och \u00e4r ett enast\u00e5ende alternativ till orginalprodukt!","og_url":"https:\/\/proshop.filterrefresh.se\/en\/product\/ljuddampare-med-dpf-for-man-4ic000\/","og_site_name":"Filter Refresh Proshop","article_publisher":"https:\/\/www.facebook.com\/filterrefresh","article_modified_time":"2025-04-15T08:01:38+00:00","og_image":[{"width":500,"height":455,"url":"https:\/\/proshop.filterrefresh.se\/wp-content\/uploads\/2025\/04\/4IC000_wm.avif","type":"image\/jpeg"}],"twitter_card":"summary_large_image","twitter_misc":{"Estimated reading time":"1 minute"},"schema":{"@context":"https:\/\/schema.org","@graph":[{"@type":"WebPage","@id":"https:\/\/proshop.filterrefresh.se\/produkt\/ljuddampare-med-dpf-for-man-4ic000\/","url":"https:\/\/proshop.filterrefresh.se\/produkt\/ljuddampare-med-dpf-for-man-4ic000\/","name":"Dinex Ljudd\u00e4mpare med DPF f\u00f6r MAN - 4IC000 - Filter Refresh Proshop","isPartOf":{"@id":"https:\/\/proshop.filterrefresh.se\/#website"},"primaryImageOfPage":{"@id":"https:\/\/proshop.filterrefresh.se\/produkt\/ljuddampare-med-dpf-for-man-4ic000\/#primaryimage"},"image":{"@id":"https:\/\/proshop.filterrefresh.se\/produkt\/ljuddampare-med-dpf-for-man-4ic000\/#primaryimage"},"thumbnailUrl":"https:\/\/proshop.filterrefresh.se\/wp-content\/uploads\/2025\/04\/4IC000_wm.avif","datePublished":"2025-04-15T07:45:11+00:00","dateModified":"2025-04-15T08:01:38+00:00","breadcrumb":{"@id":"https:\/\/proshop.filterrefresh.se\/produkt\/ljuddampare-med-dpf-for-man-4ic000\/#breadcrumb"},"inLanguage":"en-GB","potentialAction":[{"@type":"ReadAction","target":["https:\/\/proshop.filterrefresh.se\/produkt\/ljuddampare-med-dpf-for-man-4ic000\/"]}]},{"@type":"ImageObject","inLanguage":"en-GB","@id":"https:\/\/proshop.filterrefresh.se\/produkt\/ljuddampare-med-dpf-for-man-4ic000\/#primaryimage","url":"https:\/\/proshop.filterrefresh.se\/wp-content\/uploads\/2025\/04\/4IC000_wm.avif","contentUrl":"https:\/\/proshop.filterrefresh.se\/wp-content\/uploads\/2025\/04\/4IC000_wm.avif","width":500,"height":455},{"@type":"BreadcrumbList","@id":"https:\/\/proshop.filterrefresh.se\/produkt\/ljuddampare-med-dpf-for-man-4ic000\/#breadcrumb","itemListElement":[{"@type":"ListItem","position":1,"name":"Hem","item":"https:\/\/proshop.filterrefresh.se\/"},{"@type":"ListItem","position":2,"name":"Butik","item":"https:\/\/proshop.filterrefresh.se\/butik\/"},{"@type":"ListItem","position":3,"name":"Ljudd\u00e4mpare med DPF f\u00f6r MAN &#8211; 4IC000"}]},{"@type":"WebSite","@id":"https:\/\/proshop.filterrefresh.se\/#website","url":"https:\/\/proshop.filterrefresh.se\/","name":"Filter Refresh Proshop","description":"Specialister p\u00e5 avgaskomponenter","publisher":{"@id":"https:\/\/proshop.filterrefresh.se\/#organization"},"potentialAction":[{"@type":"SearchAction","target":{"@type":"EntryPoint","urlTemplate":"https:\/\/proshop.filterrefresh.se\/?s={search_term_string}"},"query-input":{"@type":"PropertyValueSpecification","valueRequired":true,"valueName":"search_term_string"}}],"inLanguage":"en-GB"},{"@type":"Organization","@id":"https:\/\/proshop.filterrefresh.se\/#organization","name":"Filter Refresh Proshop","url":"https:\/\/proshop.filterrefresh.se\/","logo":{"@type":"ImageObject","inLanguage":"en-GB","@id":"https:\/\/proshop.filterrefresh.se\/#\/schema\/logo\/image\/","url":"https:\/\/proshop.filterrefresh.se\/wp-content\/uploads\/2025\/02\/filter-refresh-pro-shop-main-white.webp","contentUrl":"https:\/\/proshop.filterrefresh.se\/wp-content\/uploads\/2025\/02\/filter-refresh-pro-shop-main-white.webp","width":368,"height":110,"caption":"Filter Refresh Proshop"},"image":{"@id":"https:\/\/proshop.filterrefresh.se\/#\/schema\/logo\/image\/"},"sameAs":["https:\/\/www.facebook.com\/filterrefresh","https:\/\/www.instagram.com\/filter_refresh"]}]}},"_links":{"self":[{"href":"https:\/\/proshop.filterrefresh.se\/en\/wp-json\/wp\/v2\/product\/1469","targetHints":{"allow":["GET"]}}],"collection":[{"href":"https:\/\/proshop.filterrefresh.se\/en\/wp-json\/wp\/v2\/product"}],"about":[{"href":"https:\/\/proshop.filterrefresh.se\/en\/wp-json\/wp\/v2\/types\/product"}],"wp:featuredmedia":[{"embeddable":true,"href":"https:\/\/proshop.filterrefresh.se\/en\/wp-json\/wp\/v2\/media\/1470"}],"wp:attachment":[{"href":"https:\/\/proshop.filterrefresh.se\/en\/wp-json\/wp\/v2\/media?parent=1469"}],"wp:term":[{"taxonomy":"product_brand","embeddable":true,"href":"https:\/\/proshop.filterrefresh.se\/en\/wp-json\/wp\/v2\/product_brand?post=1469"},{"taxonomy":"product_cat","embeddable":true,"href":"https:\/\/proshop.filterrefresh.se\/en\/wp-json\/wp\/v2\/product_cat?post=1469"},{"taxonomy":"product_tag","embeddable":true,"href":"https:\/\/proshop.filterrefresh.se\/en\/wp-json\/wp\/v2\/product_tag?post=1469"}],"curies":[{"name":"wp","href":"https:\/\/api.w.org\/{rel}","templated":true}]}}