
{"id":1478,"date":"2025-04-15T16:47:47","date_gmt":"2025-04-15T14:47:47","guid":{"rendered":"https:\/\/proshop.filterrefresh.se\/?post_type=product&#038;p=1478"},"modified":"2025-04-16T09:24:04","modified_gmt":"2025-04-16T07:24:04","slug":"nox-sensor-pre-cat-for-man-47032","status":"publish","type":"product","link":"https:\/\/proshop.filterrefresh.se\/en\/product\/nox-sensor-pre-cat-for-man-47032\/","title":{"rendered":"NOx sensor (PRE CAT) f\u00f6r MAN &#8211; 47032"},"content":{"rendered":"<p>Dinex NOx sensor f\u00f6r MAN tunga fordon med artikelnummer 47032. Direkt utbytbar med OE-sensorer, tillverkad i EU och testad hos oberoende tredje part f\u00f6r att s\u00e4kerst\u00e4lla h\u00f6gsta kvalit\u00e9.<\/p>\n<ul>\n<li>Typgodk\u00e4nd<\/li>\n<li>Kvalit\u00e9: OE<\/li>\n<li>1 \u00e5rs garanti<\/li>\n<li>Tillverkat i EU<\/li>\n<\/ul>\n<p>OBS: Sensorn \u00e4r utformad f\u00f6r att installeras f\u00f6re SCR. Vi rekommenderar att du byter ut NOx-sensorer i par, komplettera med en NOx sensor som installeras efter SCR.<\/p>","protected":false},"excerpt":{"rendered":"<p>Dinex NOx sensor f\u00f6r MAN tunga fordon med artikelnummer 47032. Direkt utbytbar med OE-sensorer, tillverkad i EU och testad hos oberoende tredje part f\u00f6r att s\u00e4kerst\u00e4lla h\u00f6gsta kvalit\u00e9.<\/p>","protected":false},"featured_media":1481,"template":"","meta":{"_acf_changed":false},"product_brand":[33],"product_cat":[375],"product_tag":[310,327,390,376,389],"class_list":{"0":"post-1478","1":"product","2":"type-product","3":"status-publish","4":"has-post-thumbnail","6":"product_brand-dinex","7":"product_cat-sensorer","8":"product_tag-euro-6","9":"product_tag-man","10":"product_tag-nox","11":"product_tag-sensor","12":"product_tag-tunga-fordon","13":"product_shipping_class-paket","15":"first","16":"instock","17":"taxable","18":"shipping-taxable","19":"purchasable","20":"product-type-simple"},"acf":[],"yoast_head":"<!-- This site is optimized with the Yoast SEO plugin v26.3 - https:\/\/yoast.com\/wordpress\/plugins\/seo\/ -->\n<title>NOx sensor (PRE CAT) f\u00f6r MAN - 47032 - Filter Refresh Proshop<\/title>\n<meta name=\"robots\" content=\"index, follow, max-snippet:-1, max-image-preview:large, max-video-preview:-1\" \/>\n<link rel=\"canonical\" href=\"https:\/\/proshop.filterrefresh.se\/en\/product\/nox-sensor-pre-cat-for-man-47032\/\" \/>\n<meta property=\"og:locale\" content=\"en_GB\" \/>\n<meta property=\"og:type\" content=\"article\" \/>\n<meta property=\"og:title\" content=\"NOx sensor (PRE CAT) f\u00f6r MAN - 47032 - Filter Refresh Proshop\" \/>\n<meta property=\"og:description\" content=\"Dinex NOx sensor f\u00f6r MAN tunga fordon med artikelnummer 47032. Direkt utbytbar med OE-sensorer, tillverkad i EU och testad hos oberoende tredje part f\u00f6r att s\u00e4kerst\u00e4lla h\u00f6gsta kvalit\u00e9.\" \/>\n<meta property=\"og:url\" content=\"https:\/\/proshop.filterrefresh.se\/en\/product\/nox-sensor-pre-cat-for-man-47032\/\" \/>\n<meta property=\"og:site_name\" content=\"Filter Refresh Proshop\" \/>\n<meta property=\"article:publisher\" content=\"https:\/\/www.facebook.com\/filterrefresh\" \/>\n<meta property=\"article:modified_time\" content=\"2025-04-16T07:24:04+00:00\" \/>\n<meta property=\"og:image\" content=\"https:\/\/proshop.filterrefresh.se\/wp-content\/uploads\/2025\/04\/IMG_2609-scaled.avif\" \/>\n\t<meta property=\"og:image:width\" content=\"2560\" \/>\n\t<meta property=\"og:image:height\" content=\"2560\" \/>\n\t<meta property=\"og:image:type\" content=\"image\/jpeg\" \/>\n<meta name=\"twitter:card\" content=\"summary_large_image\" \/>\n<script type=\"application\/ld+json\" class=\"yoast-schema-graph\">{\"@context\":\"https:\/\/schema.org\",\"@graph\":[{\"@type\":\"WebPage\",\"@id\":\"https:\/\/proshop.filterrefresh.se\/produkt\/nox-sensor-pre-cat-for-man-47032\/\",\"url\":\"https:\/\/proshop.filterrefresh.se\/produkt\/nox-sensor-pre-cat-for-man-47032\/\",\"name\":\"NOx sensor (PRE CAT) f\u00f6r MAN - 47032 - Filter Refresh Proshop\",\"isPartOf\":{\"@id\":\"https:\/\/proshop.filterrefresh.se\/#website\"},\"primaryImageOfPage\":{\"@id\":\"https:\/\/proshop.filterrefresh.se\/produkt\/nox-sensor-pre-cat-for-man-47032\/#primaryimage\"},\"image\":{\"@id\":\"https:\/\/proshop.filterrefresh.se\/produkt\/nox-sensor-pre-cat-for-man-47032\/#primaryimage\"},\"thumbnailUrl\":\"https:\/\/proshop.filterrefresh.se\/wp-content\/uploads\/2025\/04\/IMG_2609-scaled.avif\",\"datePublished\":\"2025-04-15T14:47:47+00:00\",\"dateModified\":\"2025-04-16T07:24:04+00:00\",\"breadcrumb\":{\"@id\":\"https:\/\/proshop.filterrefresh.se\/produkt\/nox-sensor-pre-cat-for-man-47032\/#breadcrumb\"},\"inLanguage\":\"en-GB\",\"potentialAction\":[{\"@type\":\"ReadAction\",\"target\":[\"https:\/\/proshop.filterrefresh.se\/produkt\/nox-sensor-pre-cat-for-man-47032\/\"]}]},{\"@type\":\"ImageObject\",\"inLanguage\":\"en-GB\",\"@id\":\"https:\/\/proshop.filterrefresh.se\/produkt\/nox-sensor-pre-cat-for-man-47032\/#primaryimage\",\"url\":\"https:\/\/proshop.filterrefresh.se\/wp-content\/uploads\/2025\/04\/IMG_2609-scaled.avif\",\"contentUrl\":\"https:\/\/proshop.filterrefresh.se\/wp-content\/uploads\/2025\/04\/IMG_2609-scaled.avif\",\"width\":2560,\"height\":2560},{\"@type\":\"BreadcrumbList\",\"@id\":\"https:\/\/proshop.filterrefresh.se\/produkt\/nox-sensor-pre-cat-for-man-47032\/#breadcrumb\",\"itemListElement\":[{\"@type\":\"ListItem\",\"position\":1,\"name\":\"Hem\",\"item\":\"https:\/\/proshop.filterrefresh.se\/\"},{\"@type\":\"ListItem\",\"position\":2,\"name\":\"Butik\",\"item\":\"https:\/\/proshop.filterrefresh.se\/butik\/\"},{\"@type\":\"ListItem\",\"position\":3,\"name\":\"NOx sensor (PRE CAT) f\u00f6r MAN &#8211; 47032\"}]},{\"@type\":\"WebSite\",\"@id\":\"https:\/\/proshop.filterrefresh.se\/#website\",\"url\":\"https:\/\/proshop.filterrefresh.se\/\",\"name\":\"Filter Refresh Proshop\",\"description\":\"Specialister p\u00e5 avgaskomponenter\",\"publisher\":{\"@id\":\"https:\/\/proshop.filterrefresh.se\/#organization\"},\"potentialAction\":[{\"@type\":\"SearchAction\",\"target\":{\"@type\":\"EntryPoint\",\"urlTemplate\":\"https:\/\/proshop.filterrefresh.se\/?s={search_term_string}\"},\"query-input\":{\"@type\":\"PropertyValueSpecification\",\"valueRequired\":true,\"valueName\":\"search_term_string\"}}],\"inLanguage\":\"en-GB\"},{\"@type\":\"Organization\",\"@id\":\"https:\/\/proshop.filterrefresh.se\/#organization\",\"name\":\"Filter Refresh Proshop\",\"url\":\"https:\/\/proshop.filterrefresh.se\/\",\"logo\":{\"@type\":\"ImageObject\",\"inLanguage\":\"en-GB\",\"@id\":\"https:\/\/proshop.filterrefresh.se\/#\/schema\/logo\/image\/\",\"url\":\"https:\/\/proshop.filterrefresh.se\/wp-content\/uploads\/2025\/02\/filter-refresh-pro-shop-main-white.webp\",\"contentUrl\":\"https:\/\/proshop.filterrefresh.se\/wp-content\/uploads\/2025\/02\/filter-refresh-pro-shop-main-white.webp\",\"width\":368,\"height\":110,\"caption\":\"Filter Refresh Proshop\"},\"image\":{\"@id\":\"https:\/\/proshop.filterrefresh.se\/#\/schema\/logo\/image\/\"},\"sameAs\":[\"https:\/\/www.facebook.com\/filterrefresh\",\"https:\/\/www.instagram.com\/filter_refresh\"]}]}<\/script>\n<!-- \/ Yoast SEO plugin. -->","yoast_head_json":{"title":"NOx sensor (PRE CAT) f\u00f6r MAN - 47032 - Filter Refresh Proshop","robots":{"index":"index","follow":"follow","max-snippet":"max-snippet:-1","max-image-preview":"max-image-preview:large","max-video-preview":"max-video-preview:-1"},"canonical":"https:\/\/proshop.filterrefresh.se\/en\/product\/nox-sensor-pre-cat-for-man-47032\/","og_locale":"en_GB","og_type":"article","og_title":"NOx sensor (PRE CAT) f\u00f6r MAN - 47032 - Filter Refresh Proshop","og_description":"Dinex NOx sensor f\u00f6r MAN tunga fordon med artikelnummer 47032. Direkt utbytbar med OE-sensorer, tillverkad i EU och testad hos oberoende tredje part f\u00f6r att s\u00e4kerst\u00e4lla h\u00f6gsta kvalit\u00e9.","og_url":"https:\/\/proshop.filterrefresh.se\/en\/product\/nox-sensor-pre-cat-for-man-47032\/","og_site_name":"Filter Refresh Proshop","article_publisher":"https:\/\/www.facebook.com\/filterrefresh","article_modified_time":"2025-04-16T07:24:04+00:00","og_image":[{"width":2560,"height":2560,"url":"https:\/\/proshop.filterrefresh.se\/wp-content\/uploads\/2025\/04\/IMG_2609-scaled.avif","type":"image\/jpeg"}],"twitter_card":"summary_large_image","schema":{"@context":"https:\/\/schema.org","@graph":[{"@type":"WebPage","@id":"https:\/\/proshop.filterrefresh.se\/produkt\/nox-sensor-pre-cat-for-man-47032\/","url":"https:\/\/proshop.filterrefresh.se\/produkt\/nox-sensor-pre-cat-for-man-47032\/","name":"NOx sensor (PRE CAT) f\u00f6r MAN - 47032 - Filter Refresh Proshop","isPartOf":{"@id":"https:\/\/proshop.filterrefresh.se\/#website"},"primaryImageOfPage":{"@id":"https:\/\/proshop.filterrefresh.se\/produkt\/nox-sensor-pre-cat-for-man-47032\/#primaryimage"},"image":{"@id":"https:\/\/proshop.filterrefresh.se\/produkt\/nox-sensor-pre-cat-for-man-47032\/#primaryimage"},"thumbnailUrl":"https:\/\/proshop.filterrefresh.se\/wp-content\/uploads\/2025\/04\/IMG_2609-scaled.avif","datePublished":"2025-04-15T14:47:47+00:00","dateModified":"2025-04-16T07:24:04+00:00","breadcrumb":{"@id":"https:\/\/proshop.filterrefresh.se\/produkt\/nox-sensor-pre-cat-for-man-47032\/#breadcrumb"},"inLanguage":"en-GB","potentialAction":[{"@type":"ReadAction","target":["https:\/\/proshop.filterrefresh.se\/produkt\/nox-sensor-pre-cat-for-man-47032\/"]}]},{"@type":"ImageObject","inLanguage":"en-GB","@id":"https:\/\/proshop.filterrefresh.se\/produkt\/nox-sensor-pre-cat-for-man-47032\/#primaryimage","url":"https:\/\/proshop.filterrefresh.se\/wp-content\/uploads\/2025\/04\/IMG_2609-scaled.avif","contentUrl":"https:\/\/proshop.filterrefresh.se\/wp-content\/uploads\/2025\/04\/IMG_2609-scaled.avif","width":2560,"height":2560},{"@type":"BreadcrumbList","@id":"https:\/\/proshop.filterrefresh.se\/produkt\/nox-sensor-pre-cat-for-man-47032\/#breadcrumb","itemListElement":[{"@type":"ListItem","position":1,"name":"Hem","item":"https:\/\/proshop.filterrefresh.se\/"},{"@type":"ListItem","position":2,"name":"Butik","item":"https:\/\/proshop.filterrefresh.se\/butik\/"},{"@type":"ListItem","position":3,"name":"NOx sensor (PRE CAT) f\u00f6r MAN &#8211; 47032"}]},{"@type":"WebSite","@id":"https:\/\/proshop.filterrefresh.se\/#website","url":"https:\/\/proshop.filterrefresh.se\/","name":"Filter Refresh Proshop","description":"Specialister p\u00e5 avgaskomponenter","publisher":{"@id":"https:\/\/proshop.filterrefresh.se\/#organization"},"potentialAction":[{"@type":"SearchAction","target":{"@type":"EntryPoint","urlTemplate":"https:\/\/proshop.filterrefresh.se\/?s={search_term_string}"},"query-input":{"@type":"PropertyValueSpecification","valueRequired":true,"valueName":"search_term_string"}}],"inLanguage":"en-GB"},{"@type":"Organization","@id":"https:\/\/proshop.filterrefresh.se\/#organization","name":"Filter Refresh Proshop","url":"https:\/\/proshop.filterrefresh.se\/","logo":{"@type":"ImageObject","inLanguage":"en-GB","@id":"https:\/\/proshop.filterrefresh.se\/#\/schema\/logo\/image\/","url":"https:\/\/proshop.filterrefresh.se\/wp-content\/uploads\/2025\/02\/filter-refresh-pro-shop-main-white.webp","contentUrl":"https:\/\/proshop.filterrefresh.se\/wp-content\/uploads\/2025\/02\/filter-refresh-pro-shop-main-white.webp","width":368,"height":110,"caption":"Filter Refresh Proshop"},"image":{"@id":"https:\/\/proshop.filterrefresh.se\/#\/schema\/logo\/image\/"},"sameAs":["https:\/\/www.facebook.com\/filterrefresh","https:\/\/www.instagram.com\/filter_refresh"]}]}},"_links":{"self":[{"href":"https:\/\/proshop.filterrefresh.se\/en\/wp-json\/wp\/v2\/product\/1478","targetHints":{"allow":["GET"]}}],"collection":[{"href":"https:\/\/proshop.filterrefresh.se\/en\/wp-json\/wp\/v2\/product"}],"about":[{"href":"https:\/\/proshop.filterrefresh.se\/en\/wp-json\/wp\/v2\/types\/product"}],"wp:featuredmedia":[{"embeddable":true,"href":"https:\/\/proshop.filterrefresh.se\/en\/wp-json\/wp\/v2\/media\/1481"}],"wp:attachment":[{"href":"https:\/\/proshop.filterrefresh.se\/en\/wp-json\/wp\/v2\/media?parent=1478"}],"wp:term":[{"taxonomy":"product_brand","embeddable":true,"href":"https:\/\/proshop.filterrefresh.se\/en\/wp-json\/wp\/v2\/product_brand?post=1478"},{"taxonomy":"product_cat","embeddable":true,"href":"https:\/\/proshop.filterrefresh.se\/en\/wp-json\/wp\/v2\/product_cat?post=1478"},{"taxonomy":"product_tag","embeddable":true,"href":"https:\/\/proshop.filterrefresh.se\/en\/wp-json\/wp\/v2\/product_tag?post=1478"}],"curies":[{"name":"wp","href":"https:\/\/api.w.org\/{rel}","templated":true}]}}