
{"id":1578,"date":"2025-04-23T09:39:38","date_gmt":"2025-04-23T07:39:38","guid":{"rendered":"https:\/\/proshop.filterrefresh.se\/?post_type=product&#038;p=1578"},"modified":"2025-04-25T13:27:28","modified_gmt":"2025-04-25T11:27:28","slug":"fabriksrenovering-av-ljuddampare-for-volvo","status":"publish","type":"product","link":"https:\/\/proshop.filterrefresh.se\/en\/product\/fabriksrenovering-av-ljuddampare-for-volvo\/","title":{"rendered":"Fabriksrenovering av ljudd\u00e4mpare f\u00f6r Volvo"},"content":{"rendered":"<h2 style=\"font-size: 18px; display: block !important;\">Renovera din ljudd\u00e4mpare till fabriksnytt skick!<\/h2>\n<p>En ljudd\u00e4mpare p\u00e5 en Volvo lastbil kombinerar ofta katalysatorer, partikelfilter och SCR-katalysator i samma enhet. Med tiden kristalliserar AdBlue, aska, olja och sot mm. vilket kan skada ljudd\u00e4mparen permanent. I en fabriksrenovering byts skadade komponenter ut och en reng\u00f6ring ner till metallen g\u00f6r att ljudd\u00e4mparen \u00e5terf\u00e5r sin fulla funktionalitet.<\/p>\n<p>Vi kan utf\u00f6ra en renovering p\u00e5 f\u00f6ljande Volvo modeller:<br \/>\n&#8211; FL, FE<br \/>\n&#8211; FH, FM, FMX<br \/>\n&#8211; FH &gt;460PS<\/p>","protected":false},"excerpt":{"rendered":"<p>Fabriksrenovering av ljudd\u00e4mpare, En ljudd\u00e4mpare p\u00e5 en Volvo lastbil kombinerar ofta katalysatorer, partikelfilter och SCR-katalysator i samma enhet. Med tiden kristalliserar AdBlue, aska, olja och sot mm. vilket kan skada ljudd\u00e4mparen permanent. I en fabriksrenovering byts skadade komponenter ut och en reng\u00f6ring ner till metallen g\u00f6r att ljudd\u00e4mparen \u00e5terf\u00e5r sin fulla funktionalitet.<\/p>","protected":false},"featured_media":1784,"template":"","meta":{"_acf_changed":false},"product_brand":[308],"product_cat":[392],"product_tag":[394,325,310,393,324,389,320],"class_list":{"0":"post-1578","1":"product","2":"type-product","3":"status-publish","4":"has-post-thumbnail","6":"product_brand-filter-refresh","7":"product_cat-ljuddampare-fabriksrenovering","8":"product_tag-doc","9":"product_tag-dpf","10":"product_tag-euro-6","11":"product_tag-fabriksrenovering","12":"product_tag-ljuddampare","13":"product_tag-tunga-fordon","14":"product_tag-volvo","16":"first","17":"instock","18":"taxable","19":"shipping-taxable","20":"purchasable","21":"product-type-variable","22":"has-default-attributes"},"acf":[],"yoast_head":"<!-- This site is optimized with the Yoast SEO plugin v26.3 - https:\/\/yoast.com\/wordpress\/plugins\/seo\/ -->\n<title>Renovering ljudd\u00e4mpare Volvo - FL,FE,FH,FM,FMX, FH &gt;460PS<\/title>\n<meta name=\"description\" content=\"Fabriksrenovering av ljudd\u00e4mpare, En ljudd\u00e4mpare p\u00e5 en Volvo lastbil kombinerar ofta katalysatorer, partikelfilter och SCR-katalysator i samma enhet. Med tiden kristalliserar AdBlue, aska, olja och sot mm. vilket kan skada ljudd\u00e4mparen permanent. I en fabriksrenovering byts skadade komponenter ut och en reng\u00f6ring ner till metallen g\u00f6r att ljudd\u00e4mparen \u00e5terf\u00e5r sin fulla funktionalitet.\" \/>\n<meta name=\"robots\" content=\"index, follow, max-snippet:-1, max-image-preview:large, max-video-preview:-1\" \/>\n<link rel=\"canonical\" href=\"https:\/\/proshop.filterrefresh.se\/en\/product\/fabriksrenovering-av-ljuddampare-for-volvo\/\" \/>\n<meta property=\"og:locale\" content=\"en_GB\" \/>\n<meta property=\"og:type\" content=\"article\" \/>\n<meta property=\"og:title\" content=\"Renovering ljudd\u00e4mpare Volvo - FL,FE,FH,FM,FMX, FH &gt;460PS\" \/>\n<meta property=\"og:description\" content=\"Fabriksrenovering av ljudd\u00e4mpare, En ljudd\u00e4mpare p\u00e5 en Volvo lastbil kombinerar ofta katalysatorer, partikelfilter och SCR-katalysator i samma enhet. Med tiden kristalliserar AdBlue, aska, olja och sot mm. vilket kan skada ljudd\u00e4mparen permanent. I en fabriksrenovering byts skadade komponenter ut och en reng\u00f6ring ner till metallen g\u00f6r att ljudd\u00e4mparen \u00e5terf\u00e5r sin fulla funktionalitet.\" \/>\n<meta property=\"og:url\" content=\"https:\/\/proshop.filterrefresh.se\/en\/product\/fabriksrenovering-av-ljuddampare-for-volvo\/\" \/>\n<meta property=\"og:site_name\" content=\"Filter Refresh Proshop\" \/>\n<meta property=\"article:publisher\" content=\"https:\/\/www.facebook.com\/filterrefresh\" \/>\n<meta property=\"article:modified_time\" content=\"2025-04-25T11:27:28+00:00\" \/>\n<meta property=\"og:image\" content=\"https:\/\/proshop.filterrefresh.se\/wp-content\/uploads\/2025\/04\/volvo-scaled.avif\" \/>\n\t<meta property=\"og:image:width\" content=\"2560\" \/>\n\t<meta property=\"og:image:height\" content=\"2560\" \/>\n\t<meta property=\"og:image:type\" content=\"image\/png\" \/>\n<meta name=\"twitter:card\" content=\"summary_large_image\" \/>\n<meta name=\"twitter:label1\" content=\"Estimated reading time\" \/>\n\t<meta name=\"twitter:data1\" content=\"1 minute\" \/>\n<script type=\"application\/ld+json\" class=\"yoast-schema-graph\">{\"@context\":\"https:\/\/schema.org\",\"@graph\":[{\"@type\":\"WebPage\",\"@id\":\"https:\/\/proshop.filterrefresh.se\/produkt\/fabriksrenovering-av-ljuddampare-for-volvo\/\",\"url\":\"https:\/\/proshop.filterrefresh.se\/produkt\/fabriksrenovering-av-ljuddampare-for-volvo\/\",\"name\":\"Renovering ljudd\u00e4mpare Volvo - FL,FE,FH,FM,FMX, FH >460PS\",\"isPartOf\":{\"@id\":\"https:\/\/proshop.filterrefresh.se\/#website\"},\"primaryImageOfPage\":{\"@id\":\"https:\/\/proshop.filterrefresh.se\/produkt\/fabriksrenovering-av-ljuddampare-for-volvo\/#primaryimage\"},\"image\":{\"@id\":\"https:\/\/proshop.filterrefresh.se\/produkt\/fabriksrenovering-av-ljuddampare-for-volvo\/#primaryimage\"},\"thumbnailUrl\":\"https:\/\/proshop.filterrefresh.se\/wp-content\/uploads\/2025\/04\/volvo-scaled.avif\",\"datePublished\":\"2025-04-23T07:39:38+00:00\",\"dateModified\":\"2025-04-25T11:27:28+00:00\",\"description\":\"Fabriksrenovering av ljudd\u00e4mpare, En ljudd\u00e4mpare p\u00e5 en Volvo lastbil kombinerar ofta katalysatorer, partikelfilter och SCR-katalysator i samma enhet. Med tiden kristalliserar AdBlue, aska, olja och sot mm. vilket kan skada ljudd\u00e4mparen permanent. I en fabriksrenovering byts skadade komponenter ut och en reng\u00f6ring ner till metallen g\u00f6r att ljudd\u00e4mparen \u00e5terf\u00e5r sin fulla funktionalitet.\",\"breadcrumb\":{\"@id\":\"https:\/\/proshop.filterrefresh.se\/produkt\/fabriksrenovering-av-ljuddampare-for-volvo\/#breadcrumb\"},\"inLanguage\":\"en-GB\",\"potentialAction\":[{\"@type\":\"ReadAction\",\"target\":[\"https:\/\/proshop.filterrefresh.se\/produkt\/fabriksrenovering-av-ljuddampare-for-volvo\/\"]}]},{\"@type\":\"ImageObject\",\"inLanguage\":\"en-GB\",\"@id\":\"https:\/\/proshop.filterrefresh.se\/produkt\/fabriksrenovering-av-ljuddampare-for-volvo\/#primaryimage\",\"url\":\"https:\/\/proshop.filterrefresh.se\/wp-content\/uploads\/2025\/04\/volvo-scaled.avif\",\"contentUrl\":\"https:\/\/proshop.filterrefresh.se\/wp-content\/uploads\/2025\/04\/volvo-scaled.avif\",\"width\":2560,\"height\":2560},{\"@type\":\"BreadcrumbList\",\"@id\":\"https:\/\/proshop.filterrefresh.se\/produkt\/fabriksrenovering-av-ljuddampare-for-volvo\/#breadcrumb\",\"itemListElement\":[{\"@type\":\"ListItem\",\"position\":1,\"name\":\"Hem\",\"item\":\"https:\/\/proshop.filterrefresh.se\/\"},{\"@type\":\"ListItem\",\"position\":2,\"name\":\"Butik\",\"item\":\"https:\/\/proshop.filterrefresh.se\/butik\/\"},{\"@type\":\"ListItem\",\"position\":3,\"name\":\"Fabriksrenovering av ljudd\u00e4mpare f\u00f6r Volvo\"}]},{\"@type\":\"WebSite\",\"@id\":\"https:\/\/proshop.filterrefresh.se\/#website\",\"url\":\"https:\/\/proshop.filterrefresh.se\/\",\"name\":\"Filter Refresh Proshop\",\"description\":\"Specialister p\u00e5 avgaskomponenter\",\"publisher\":{\"@id\":\"https:\/\/proshop.filterrefresh.se\/#organization\"},\"potentialAction\":[{\"@type\":\"SearchAction\",\"target\":{\"@type\":\"EntryPoint\",\"urlTemplate\":\"https:\/\/proshop.filterrefresh.se\/?s={search_term_string}\"},\"query-input\":{\"@type\":\"PropertyValueSpecification\",\"valueRequired\":true,\"valueName\":\"search_term_string\"}}],\"inLanguage\":\"en-GB\"},{\"@type\":\"Organization\",\"@id\":\"https:\/\/proshop.filterrefresh.se\/#organization\",\"name\":\"Filter Refresh Proshop\",\"url\":\"https:\/\/proshop.filterrefresh.se\/\",\"logo\":{\"@type\":\"ImageObject\",\"inLanguage\":\"en-GB\",\"@id\":\"https:\/\/proshop.filterrefresh.se\/#\/schema\/logo\/image\/\",\"url\":\"https:\/\/proshop.filterrefresh.se\/wp-content\/uploads\/2025\/02\/filter-refresh-pro-shop-main-white.webp\",\"contentUrl\":\"https:\/\/proshop.filterrefresh.se\/wp-content\/uploads\/2025\/02\/filter-refresh-pro-shop-main-white.webp\",\"width\":368,\"height\":110,\"caption\":\"Filter Refresh Proshop\"},\"image\":{\"@id\":\"https:\/\/proshop.filterrefresh.se\/#\/schema\/logo\/image\/\"},\"sameAs\":[\"https:\/\/www.facebook.com\/filterrefresh\",\"https:\/\/www.instagram.com\/filter_refresh\"]}]}<\/script>\n<!-- \/ Yoast SEO plugin. -->","yoast_head_json":{"title":"Renovering ljudd\u00e4mpare Volvo - FL,FE,FH,FM,FMX, FH >460PS","description":"Fabriksrenovering av ljudd\u00e4mpare, En ljudd\u00e4mpare p\u00e5 en Volvo lastbil kombinerar ofta katalysatorer, partikelfilter och SCR-katalysator i samma enhet. Med tiden kristalliserar AdBlue, aska, olja och sot mm. vilket kan skada ljudd\u00e4mparen permanent. I en fabriksrenovering byts skadade komponenter ut och en reng\u00f6ring ner till metallen g\u00f6r att ljudd\u00e4mparen \u00e5terf\u00e5r sin fulla funktionalitet.","robots":{"index":"index","follow":"follow","max-snippet":"max-snippet:-1","max-image-preview":"max-image-preview:large","max-video-preview":"max-video-preview:-1"},"canonical":"https:\/\/proshop.filterrefresh.se\/en\/product\/fabriksrenovering-av-ljuddampare-for-volvo\/","og_locale":"en_GB","og_type":"article","og_title":"Renovering ljudd\u00e4mpare Volvo - FL,FE,FH,FM,FMX, FH >460PS","og_description":"Fabriksrenovering av ljudd\u00e4mpare, En ljudd\u00e4mpare p\u00e5 en Volvo lastbil kombinerar ofta katalysatorer, partikelfilter och SCR-katalysator i samma enhet. Med tiden kristalliserar AdBlue, aska, olja och sot mm. vilket kan skada ljudd\u00e4mparen permanent. I en fabriksrenovering byts skadade komponenter ut och en reng\u00f6ring ner till metallen g\u00f6r att ljudd\u00e4mparen \u00e5terf\u00e5r sin fulla funktionalitet.","og_url":"https:\/\/proshop.filterrefresh.se\/en\/product\/fabriksrenovering-av-ljuddampare-for-volvo\/","og_site_name":"Filter Refresh Proshop","article_publisher":"https:\/\/www.facebook.com\/filterrefresh","article_modified_time":"2025-04-25T11:27:28+00:00","og_image":[{"width":2560,"height":2560,"url":"https:\/\/proshop.filterrefresh.se\/wp-content\/uploads\/2025\/04\/volvo-scaled.avif","type":"image\/png"}],"twitter_card":"summary_large_image","twitter_misc":{"Estimated reading time":"1 minute"},"schema":{"@context":"https:\/\/schema.org","@graph":[{"@type":"WebPage","@id":"https:\/\/proshop.filterrefresh.se\/produkt\/fabriksrenovering-av-ljuddampare-for-volvo\/","url":"https:\/\/proshop.filterrefresh.se\/produkt\/fabriksrenovering-av-ljuddampare-for-volvo\/","name":"Renovering ljudd\u00e4mpare Volvo - FL,FE,FH,FM,FMX, FH >460PS","isPartOf":{"@id":"https:\/\/proshop.filterrefresh.se\/#website"},"primaryImageOfPage":{"@id":"https:\/\/proshop.filterrefresh.se\/produkt\/fabriksrenovering-av-ljuddampare-for-volvo\/#primaryimage"},"image":{"@id":"https:\/\/proshop.filterrefresh.se\/produkt\/fabriksrenovering-av-ljuddampare-for-volvo\/#primaryimage"},"thumbnailUrl":"https:\/\/proshop.filterrefresh.se\/wp-content\/uploads\/2025\/04\/volvo-scaled.avif","datePublished":"2025-04-23T07:39:38+00:00","dateModified":"2025-04-25T11:27:28+00:00","description":"Fabriksrenovering av ljudd\u00e4mpare, En ljudd\u00e4mpare p\u00e5 en Volvo lastbil kombinerar ofta katalysatorer, partikelfilter och SCR-katalysator i samma enhet. Med tiden kristalliserar AdBlue, aska, olja och sot mm. vilket kan skada ljudd\u00e4mparen permanent. I en fabriksrenovering byts skadade komponenter ut och en reng\u00f6ring ner till metallen g\u00f6r att ljudd\u00e4mparen \u00e5terf\u00e5r sin fulla funktionalitet.","breadcrumb":{"@id":"https:\/\/proshop.filterrefresh.se\/produkt\/fabriksrenovering-av-ljuddampare-for-volvo\/#breadcrumb"},"inLanguage":"en-GB","potentialAction":[{"@type":"ReadAction","target":["https:\/\/proshop.filterrefresh.se\/produkt\/fabriksrenovering-av-ljuddampare-for-volvo\/"]}]},{"@type":"ImageObject","inLanguage":"en-GB","@id":"https:\/\/proshop.filterrefresh.se\/produkt\/fabriksrenovering-av-ljuddampare-for-volvo\/#primaryimage","url":"https:\/\/proshop.filterrefresh.se\/wp-content\/uploads\/2025\/04\/volvo-scaled.avif","contentUrl":"https:\/\/proshop.filterrefresh.se\/wp-content\/uploads\/2025\/04\/volvo-scaled.avif","width":2560,"height":2560},{"@type":"BreadcrumbList","@id":"https:\/\/proshop.filterrefresh.se\/produkt\/fabriksrenovering-av-ljuddampare-for-volvo\/#breadcrumb","itemListElement":[{"@type":"ListItem","position":1,"name":"Hem","item":"https:\/\/proshop.filterrefresh.se\/"},{"@type":"ListItem","position":2,"name":"Butik","item":"https:\/\/proshop.filterrefresh.se\/butik\/"},{"@type":"ListItem","position":3,"name":"Fabriksrenovering av ljudd\u00e4mpare f\u00f6r Volvo"}]},{"@type":"WebSite","@id":"https:\/\/proshop.filterrefresh.se\/#website","url":"https:\/\/proshop.filterrefresh.se\/","name":"Filter Refresh Proshop","description":"Specialister p\u00e5 avgaskomponenter","publisher":{"@id":"https:\/\/proshop.filterrefresh.se\/#organization"},"potentialAction":[{"@type":"SearchAction","target":{"@type":"EntryPoint","urlTemplate":"https:\/\/proshop.filterrefresh.se\/?s={search_term_string}"},"query-input":{"@type":"PropertyValueSpecification","valueRequired":true,"valueName":"search_term_string"}}],"inLanguage":"en-GB"},{"@type":"Organization","@id":"https:\/\/proshop.filterrefresh.se\/#organization","name":"Filter Refresh Proshop","url":"https:\/\/proshop.filterrefresh.se\/","logo":{"@type":"ImageObject","inLanguage":"en-GB","@id":"https:\/\/proshop.filterrefresh.se\/#\/schema\/logo\/image\/","url":"https:\/\/proshop.filterrefresh.se\/wp-content\/uploads\/2025\/02\/filter-refresh-pro-shop-main-white.webp","contentUrl":"https:\/\/proshop.filterrefresh.se\/wp-content\/uploads\/2025\/02\/filter-refresh-pro-shop-main-white.webp","width":368,"height":110,"caption":"Filter Refresh Proshop"},"image":{"@id":"https:\/\/proshop.filterrefresh.se\/#\/schema\/logo\/image\/"},"sameAs":["https:\/\/www.facebook.com\/filterrefresh","https:\/\/www.instagram.com\/filter_refresh"]}]}},"_links":{"self":[{"href":"https:\/\/proshop.filterrefresh.se\/en\/wp-json\/wp\/v2\/product\/1578","targetHints":{"allow":["GET"]}}],"collection":[{"href":"https:\/\/proshop.filterrefresh.se\/en\/wp-json\/wp\/v2\/product"}],"about":[{"href":"https:\/\/proshop.filterrefresh.se\/en\/wp-json\/wp\/v2\/types\/product"}],"wp:featuredmedia":[{"embeddable":true,"href":"https:\/\/proshop.filterrefresh.se\/en\/wp-json\/wp\/v2\/media\/1784"}],"wp:attachment":[{"href":"https:\/\/proshop.filterrefresh.se\/en\/wp-json\/wp\/v2\/media?parent=1578"}],"wp:term":[{"taxonomy":"product_brand","embeddable":true,"href":"https:\/\/proshop.filterrefresh.se\/en\/wp-json\/wp\/v2\/product_brand?post=1578"},{"taxonomy":"product_cat","embeddable":true,"href":"https:\/\/proshop.filterrefresh.se\/en\/wp-json\/wp\/v2\/product_cat?post=1578"},{"taxonomy":"product_tag","embeddable":true,"href":"https:\/\/proshop.filterrefresh.se\/en\/wp-json\/wp\/v2\/product_tag?post=1578"}],"curies":[{"name":"wp","href":"https:\/\/api.w.org\/{rel}","templated":true}]}}