
{"id":587,"date":"2025-03-04T16:01:26","date_gmt":"2025-03-04T15:01:26","guid":{"rendered":"https:\/\/proshop.filterrefresh.se\/?post_type=product&#038;p=587"},"modified":"2025-04-14T13:13:10","modified_gmt":"2025-04-14T11:13:10","slug":"avgaspacknings-och-avgasklamkit-for-mercedes-5al029","status":"publish","type":"product","link":"https:\/\/proshop.filterrefresh.se\/en\/product\/avgaspacknings-och-avgasklamkit-for-mercedes-5al029\/","title":{"rendered":"Packningskit f\u00f6r Mercedes &#8211; 5AL029"},"content":{"rendered":"<p>Denna avgaspacknings och avgaskl\u00e4mkit f\u00f6r Mercedes tunga fordon fungerar som en direkt ers\u00e4ttning f\u00f6r originaldelarna. Satsen inneh\u00e5ller en V-kl\u00e4mma och packningar som s\u00e4kerst\u00e4ller en t\u00e4t och s\u00e4ker anslutning i avgassystemet, vilket f\u00f6rhindrar l\u00e4ckage och uppr\u00e4tth\u00e5ller optimal prestanda. Tillverkad av h\u00f6gkvalitativt metallmaterial, erbjuder denna sats \u00f6verl\u00e4gsen h\u00e5llbarhet och motst\u00e5ndskraft mot h\u00f6ga temperaturer. Installationen \u00e4r enkel och kr\u00e4ver ingen modifiering, vilket sparar tid och anstr\u00e4ngning f\u00f6r mekanikern.<\/p>\n<p><b>Passar till OE-nummer: <\/b>19954544, 6809950202, 4911380, 19954544, A6809950202, A0004911380, A0019954544<\/p>","protected":false},"excerpt":{"rendered":"<p>Denna avgaspacknings och avgaskl\u00e4mkit &#8211;\u00a0 5AL029 f\u00f6r Mercedes tunga fordon fungerar som en direkt ers\u00e4ttning f\u00f6r originaldelarna.<\/p>","protected":false},"featured_media":929,"template":"","meta":{"_acf_changed":false},"product_brand":[33],"product_cat":[387],"product_tag":[310,312,315,389],"class_list":{"0":"post-587","1":"product","2":"type-product","3":"status-publish","4":"has-post-thumbnail","6":"product_brand-dinex","7":"product_cat-packningskit","8":"product_tag-euro-6","9":"product_tag-mercedes","10":"product_tag-packningskit","11":"product_tag-tunga-fordon","12":"product_shipping_class-paket","14":"first","15":"instock","16":"taxable","17":"shipping-taxable","18":"purchasable","19":"product-type-simple"},"acf":[],"yoast_head":"<!-- This site is optimized with the Yoast SEO plugin v26.3 - https:\/\/yoast.com\/wordpress\/plugins\/seo\/ -->\n<title>Dinex Packningskit f\u00f6r Mercedes - 5AL029 - Filter Refresh Proshop<\/title>\n<meta name=\"robots\" content=\"index, follow, max-snippet:-1, max-image-preview:large, max-video-preview:-1\" \/>\n<link rel=\"canonical\" href=\"https:\/\/proshop.filterrefresh.se\/en\/product\/avgaspacknings-och-avgasklamkit-for-mercedes-5al029\/\" \/>\n<meta property=\"og:locale\" content=\"en_GB\" \/>\n<meta property=\"og:type\" content=\"article\" \/>\n<meta property=\"og:title\" content=\"Dinex Packningskit f\u00f6r Mercedes - 5AL029 - Filter Refresh Proshop\" \/>\n<meta property=\"og:description\" content=\"Denna avgaspacknings och avgaskl\u00e4mkit -\u00a0 5AL029 f\u00f6r Mercedes tunga fordon fungerar som en direkt ers\u00e4ttning f\u00f6r originaldelarna.\" \/>\n<meta property=\"og:url\" content=\"https:\/\/proshop.filterrefresh.se\/en\/product\/avgaspacknings-och-avgasklamkit-for-mercedes-5al029\/\" \/>\n<meta property=\"og:site_name\" content=\"Filter Refresh Proshop\" \/>\n<meta property=\"article:publisher\" content=\"https:\/\/www.facebook.com\/filterrefresh\" \/>\n<meta property=\"article:modified_time\" content=\"2025-04-14T11:13:10+00:00\" \/>\n<meta property=\"og:image\" content=\"https:\/\/proshop.filterrefresh.se\/wp-content\/uploads\/2025\/03\/5AL029.1-1.jpg\" \/>\n\t<meta property=\"og:image:width\" content=\"500\" \/>\n\t<meta property=\"og:image:height\" content=\"387\" \/>\n\t<meta property=\"og:image:type\" content=\"image\/jpeg\" \/>\n<meta name=\"twitter:card\" content=\"summary_large_image\" \/>\n<meta name=\"twitter:label1\" content=\"Estimated reading time\" \/>\n\t<meta name=\"twitter:data1\" content=\"1 minute\" \/>\n<script type=\"application\/ld+json\" class=\"yoast-schema-graph\">{\"@context\":\"https:\/\/schema.org\",\"@graph\":[{\"@type\":\"WebPage\",\"@id\":\"https:\/\/proshop.filterrefresh.se\/produkt\/avgaspacknings-och-avgasklamkit-for-mercedes-5al029\/\",\"url\":\"https:\/\/proshop.filterrefresh.se\/produkt\/avgaspacknings-och-avgasklamkit-for-mercedes-5al029\/\",\"name\":\"Dinex Packningskit f\u00f6r Mercedes - 5AL029 - Filter Refresh Proshop\",\"isPartOf\":{\"@id\":\"https:\/\/proshop.filterrefresh.se\/#website\"},\"primaryImageOfPage\":{\"@id\":\"https:\/\/proshop.filterrefresh.se\/produkt\/avgaspacknings-och-avgasklamkit-for-mercedes-5al029\/#primaryimage\"},\"image\":{\"@id\":\"https:\/\/proshop.filterrefresh.se\/produkt\/avgaspacknings-och-avgasklamkit-for-mercedes-5al029\/#primaryimage\"},\"thumbnailUrl\":\"https:\/\/proshop.filterrefresh.se\/wp-content\/uploads\/2025\/03\/IMG_8976-scaled.jpg\",\"datePublished\":\"2025-03-04T15:01:26+00:00\",\"dateModified\":\"2025-04-14T11:13:10+00:00\",\"breadcrumb\":{\"@id\":\"https:\/\/proshop.filterrefresh.se\/produkt\/avgaspacknings-och-avgasklamkit-for-mercedes-5al029\/#breadcrumb\"},\"inLanguage\":\"en-GB\",\"potentialAction\":[{\"@type\":\"ReadAction\",\"target\":[\"https:\/\/proshop.filterrefresh.se\/produkt\/avgaspacknings-och-avgasklamkit-for-mercedes-5al029\/\"]}]},{\"@type\":\"ImageObject\",\"inLanguage\":\"en-GB\",\"@id\":\"https:\/\/proshop.filterrefresh.se\/produkt\/avgaspacknings-och-avgasklamkit-for-mercedes-5al029\/#primaryimage\",\"url\":\"https:\/\/proshop.filterrefresh.se\/wp-content\/uploads\/2025\/03\/IMG_8976-scaled.jpg\",\"contentUrl\":\"https:\/\/proshop.filterrefresh.se\/wp-content\/uploads\/2025\/03\/IMG_8976-scaled.jpg\",\"width\":2560,\"height\":2560,\"caption\":\"En bild p\u00e5 inneh\u00e5llet i Dinex 5AL029\"},{\"@type\":\"BreadcrumbList\",\"@id\":\"https:\/\/proshop.filterrefresh.se\/produkt\/avgaspacknings-och-avgasklamkit-for-mercedes-5al029\/#breadcrumb\",\"itemListElement\":[{\"@type\":\"ListItem\",\"position\":1,\"name\":\"Hem\",\"item\":\"https:\/\/proshop.filterrefresh.se\/\"},{\"@type\":\"ListItem\",\"position\":2,\"name\":\"Butik\",\"item\":\"https:\/\/proshop.filterrefresh.se\/butik\/\"},{\"@type\":\"ListItem\",\"position\":3,\"name\":\"Avgaspacknings och avgaskl\u00e4mkit f\u00f6r Mercedes &#8211; 5AL029\"}]},{\"@type\":\"WebSite\",\"@id\":\"https:\/\/proshop.filterrefresh.se\/#website\",\"url\":\"https:\/\/proshop.filterrefresh.se\/\",\"name\":\"Filter Refresh Proshop\",\"description\":\"Specialister p\u00e5 avgaskomponenter\",\"publisher\":{\"@id\":\"https:\/\/proshop.filterrefresh.se\/#organization\"},\"potentialAction\":[{\"@type\":\"SearchAction\",\"target\":{\"@type\":\"EntryPoint\",\"urlTemplate\":\"https:\/\/proshop.filterrefresh.se\/?s={search_term_string}\"},\"query-input\":{\"@type\":\"PropertyValueSpecification\",\"valueRequired\":true,\"valueName\":\"search_term_string\"}}],\"inLanguage\":\"en-GB\"},{\"@type\":\"Organization\",\"@id\":\"https:\/\/proshop.filterrefresh.se\/#organization\",\"name\":\"Filter Refresh Proshop\",\"url\":\"https:\/\/proshop.filterrefresh.se\/\",\"logo\":{\"@type\":\"ImageObject\",\"inLanguage\":\"en-GB\",\"@id\":\"https:\/\/proshop.filterrefresh.se\/#\/schema\/logo\/image\/\",\"url\":\"https:\/\/proshop.filterrefresh.se\/wp-content\/uploads\/2025\/02\/filter-refresh-pro-shop-main-white.webp\",\"contentUrl\":\"https:\/\/proshop.filterrefresh.se\/wp-content\/uploads\/2025\/02\/filter-refresh-pro-shop-main-white.webp\",\"width\":368,\"height\":110,\"caption\":\"Filter Refresh Proshop\"},\"image\":{\"@id\":\"https:\/\/proshop.filterrefresh.se\/#\/schema\/logo\/image\/\"},\"sameAs\":[\"https:\/\/www.facebook.com\/filterrefresh\",\"https:\/\/www.instagram.com\/filter_refresh\"]}]}<\/script>\n<!-- \/ Yoast SEO plugin. -->","yoast_head_json":{"title":"Dinex Packningskit f\u00f6r Mercedes - 5AL029 - Filter Refresh Proshop","robots":{"index":"index","follow":"follow","max-snippet":"max-snippet:-1","max-image-preview":"max-image-preview:large","max-video-preview":"max-video-preview:-1"},"canonical":"https:\/\/proshop.filterrefresh.se\/en\/product\/avgaspacknings-och-avgasklamkit-for-mercedes-5al029\/","og_locale":"en_GB","og_type":"article","og_title":"Dinex Packningskit f\u00f6r Mercedes - 5AL029 - Filter Refresh Proshop","og_description":"Denna avgaspacknings och avgaskl\u00e4mkit -\u00a0 5AL029 f\u00f6r Mercedes tunga fordon fungerar som en direkt ers\u00e4ttning f\u00f6r originaldelarna.","og_url":"https:\/\/proshop.filterrefresh.se\/en\/product\/avgaspacknings-och-avgasklamkit-for-mercedes-5al029\/","og_site_name":"Filter Refresh Proshop","article_publisher":"https:\/\/www.facebook.com\/filterrefresh","article_modified_time":"2025-04-14T11:13:10+00:00","og_image":[{"width":500,"height":387,"url":"https:\/\/proshop.filterrefresh.se\/wp-content\/uploads\/2025\/03\/5AL029.1-1.jpg","type":"image\/jpeg"}],"twitter_card":"summary_large_image","twitter_misc":{"Estimated reading time":"1 minute"},"schema":{"@context":"https:\/\/schema.org","@graph":[{"@type":"WebPage","@id":"https:\/\/proshop.filterrefresh.se\/produkt\/avgaspacknings-och-avgasklamkit-for-mercedes-5al029\/","url":"https:\/\/proshop.filterrefresh.se\/produkt\/avgaspacknings-och-avgasklamkit-for-mercedes-5al029\/","name":"Dinex Packningskit f\u00f6r Mercedes - 5AL029 - Filter Refresh Proshop","isPartOf":{"@id":"https:\/\/proshop.filterrefresh.se\/#website"},"primaryImageOfPage":{"@id":"https:\/\/proshop.filterrefresh.se\/produkt\/avgaspacknings-och-avgasklamkit-for-mercedes-5al029\/#primaryimage"},"image":{"@id":"https:\/\/proshop.filterrefresh.se\/produkt\/avgaspacknings-och-avgasklamkit-for-mercedes-5al029\/#primaryimage"},"thumbnailUrl":"https:\/\/proshop.filterrefresh.se\/wp-content\/uploads\/2025\/03\/IMG_8976-scaled.jpg","datePublished":"2025-03-04T15:01:26+00:00","dateModified":"2025-04-14T11:13:10+00:00","breadcrumb":{"@id":"https:\/\/proshop.filterrefresh.se\/produkt\/avgaspacknings-och-avgasklamkit-for-mercedes-5al029\/#breadcrumb"},"inLanguage":"en-GB","potentialAction":[{"@type":"ReadAction","target":["https:\/\/proshop.filterrefresh.se\/produkt\/avgaspacknings-och-avgasklamkit-for-mercedes-5al029\/"]}]},{"@type":"ImageObject","inLanguage":"en-GB","@id":"https:\/\/proshop.filterrefresh.se\/produkt\/avgaspacknings-och-avgasklamkit-for-mercedes-5al029\/#primaryimage","url":"https:\/\/proshop.filterrefresh.se\/wp-content\/uploads\/2025\/03\/IMG_8976-scaled.jpg","contentUrl":"https:\/\/proshop.filterrefresh.se\/wp-content\/uploads\/2025\/03\/IMG_8976-scaled.jpg","width":2560,"height":2560,"caption":"En bild p\u00e5 inneh\u00e5llet i Dinex 5AL029"},{"@type":"BreadcrumbList","@id":"https:\/\/proshop.filterrefresh.se\/produkt\/avgaspacknings-och-avgasklamkit-for-mercedes-5al029\/#breadcrumb","itemListElement":[{"@type":"ListItem","position":1,"name":"Hem","item":"https:\/\/proshop.filterrefresh.se\/"},{"@type":"ListItem","position":2,"name":"Butik","item":"https:\/\/proshop.filterrefresh.se\/butik\/"},{"@type":"ListItem","position":3,"name":"Avgaspacknings och avgaskl\u00e4mkit f\u00f6r Mercedes &#8211; 5AL029"}]},{"@type":"WebSite","@id":"https:\/\/proshop.filterrefresh.se\/#website","url":"https:\/\/proshop.filterrefresh.se\/","name":"Filter Refresh Proshop","description":"Specialister p\u00e5 avgaskomponenter","publisher":{"@id":"https:\/\/proshop.filterrefresh.se\/#organization"},"potentialAction":[{"@type":"SearchAction","target":{"@type":"EntryPoint","urlTemplate":"https:\/\/proshop.filterrefresh.se\/?s={search_term_string}"},"query-input":{"@type":"PropertyValueSpecification","valueRequired":true,"valueName":"search_term_string"}}],"inLanguage":"en-GB"},{"@type":"Organization","@id":"https:\/\/proshop.filterrefresh.se\/#organization","name":"Filter Refresh Proshop","url":"https:\/\/proshop.filterrefresh.se\/","logo":{"@type":"ImageObject","inLanguage":"en-GB","@id":"https:\/\/proshop.filterrefresh.se\/#\/schema\/logo\/image\/","url":"https:\/\/proshop.filterrefresh.se\/wp-content\/uploads\/2025\/02\/filter-refresh-pro-shop-main-white.webp","contentUrl":"https:\/\/proshop.filterrefresh.se\/wp-content\/uploads\/2025\/02\/filter-refresh-pro-shop-main-white.webp","width":368,"height":110,"caption":"Filter Refresh Proshop"},"image":{"@id":"https:\/\/proshop.filterrefresh.se\/#\/schema\/logo\/image\/"},"sameAs":["https:\/\/www.facebook.com\/filterrefresh","https:\/\/www.instagram.com\/filter_refresh"]}]}},"_links":{"self":[{"href":"https:\/\/proshop.filterrefresh.se\/en\/wp-json\/wp\/v2\/product\/587","targetHints":{"allow":["GET"]}}],"collection":[{"href":"https:\/\/proshop.filterrefresh.se\/en\/wp-json\/wp\/v2\/product"}],"about":[{"href":"https:\/\/proshop.filterrefresh.se\/en\/wp-json\/wp\/v2\/types\/product"}],"wp:featuredmedia":[{"embeddable":true,"href":"https:\/\/proshop.filterrefresh.se\/en\/wp-json\/wp\/v2\/media\/929"}],"wp:attachment":[{"href":"https:\/\/proshop.filterrefresh.se\/en\/wp-json\/wp\/v2\/media?parent=587"}],"wp:term":[{"taxonomy":"product_brand","embeddable":true,"href":"https:\/\/proshop.filterrefresh.se\/en\/wp-json\/wp\/v2\/product_brand?post=587"},{"taxonomy":"product_cat","embeddable":true,"href":"https:\/\/proshop.filterrefresh.se\/en\/wp-json\/wp\/v2\/product_cat?post=587"},{"taxonomy":"product_tag","embeddable":true,"href":"https:\/\/proshop.filterrefresh.se\/en\/wp-json\/wp\/v2\/product_tag?post=587"}],"curies":[{"name":"wp","href":"https:\/\/api.w.org\/{rel}","templated":true}]}}