
{"id":593,"date":"2025-03-04T16:34:58","date_gmt":"2025-03-04T15:34:58","guid":{"rendered":"https:\/\/proshop.filterrefresh.se\/?post_type=product&#038;p=593"},"modified":"2025-06-09T14:46:21","modified_gmt":"2025-06-09T12:46:21","slug":"dinex-avgaspackning-for-scania-6ll006-euro-6","status":"publish","type":"product","link":"https:\/\/proshop.filterrefresh.se\/en\/product\/dinex-avgaspackning-for-scania-6ll006-euro-6\/","title":{"rendered":"Avgaspackning (insatslock) f\u00f6r Scania 6-cylindrig"},"content":{"rendered":"<h2 style=\"font-size: 20px; color: #1a1a1a; margin-bottom: 8px;\">En packning f\u00f6r Scania t\u00e4tningslock, P-, G-, R- och S-serien<\/h2>\n<p>Dinex avgaspackning, 71-6LL006 \u00e4r avsedd f\u00f6r att anv\u00e4ndas i samband med montering av Scania partikelfilter, 71-6LL000. Packningen \u00e4r grafitbaserad och s\u00e4kerst\u00e4ller en p\u00e5litlig t\u00e4tning av t\u00e4tningslock p\u00e5 ljudd\u00e4mparen.<\/p>\n<p>Packningen \u00e4r typgodk\u00e4nd, tillverkad i EU och har 1 \u00e5rs garanti.<\/p>\n<h3 style=\"font-size: 18px; color: #1a1a1a; margin-bottom: 8px; margin-top: 24px;\">Passar till<\/h3>\n<p>Avgaskl\u00e4mman passar till Scania P-, G-, R- samt S-serien med 6-cylindrig motor (DC09 och DC13) och ers\u00e4tter OE-nummer 2096951 och 2097659.<\/p>\n<p>Kontrollera alltid modellbeteckning, motorvolym, effekt och \u00e5rsmodell f\u00f6r exakt matchning. Du \u00e4r v\u00e4lkommen att kontakta oss om du beh\u00f6ver hj\u00e4lp.<\/p>\n<p>Kombineras ofta med f\u00f6ljande packningar:<br \/>\n<a href=\"https:\/\/proshop.filterrefresh.se\/en\/product\/dinex-avgasklamma-for-scania-6ll005-euro-6\/\">Avgaskl\u00e4mma &#8211; 71-6LL005 &#8211; Ers\u00e4tter OE-nummer Scania 2097660<\/a><br \/>\n<a href=\"https:\/\/proshop.filterrefresh.se\/en\/product\/dinex-avgaspackning-for-scania-6ll008\/\">Avgaspackning \u2013 71-6LL008 \u2013 Ers\u00e4tter OE-nummer Scania 2168586 och Scania 2588429<\/a><\/p>\n<p>\u00c4r avsedd f\u00f6r partikelfilter, 71-6LI000 f\u00f6r Scania.<\/p>\n<h3 style=\"font-size: 18px; color: #1a1a1a; margin-bottom: 8px; margin-top: 24px;\">Inkluderad i<\/h3>\n<p>Vid best\u00e4llning av <a href=\"https:\/\/proshop.filterrefresh.se\/en\/product\/dinex-partikelfilter-dpf-for-scania-6li000-euro-6\/\">partikelfiltret, 71-6LI000<\/a> eller <a href=\"https:\/\/proshop.filterrefresh.se\/en\/product\/dinex-partikelfilter-dpf-for-scania-6li000-euro-6\/\">packnings kit, 71-6LL016<\/a> inkluderas avgaskl\u00e4mman.<\/p>","protected":false},"excerpt":{"rendered":"<p>Denna grafitbaserade avgaspackning fr\u00e5n Dinex \u00e4r designad f\u00f6r Scania-fordon enligt Euro 6-standarder. Med OE-nummer 2096951 och 2097659 erbjuder den en exakt passform och p\u00e5litlig t\u00e4tning f\u00f6r att optimera avgassystemets prestanda.<\/p>","protected":false},"featured_media":1084,"template":"","meta":{"_acf_changed":false},"product_brand":[33],"product_cat":[384],"product_tag":[317,310,314,389],"class_list":{"0":"post-593","1":"product","2":"type-product","3":"status-publish","4":"has-post-thumbnail","6":"product_brand-dinex","7":"product_cat-avgaspackningar","8":"product_tag-avgaspackning","9":"product_tag-euro-6","10":"product_tag-scania","11":"product_tag-tunga-fordon","12":"product_shipping_class-paket","14":"first","15":"instock","16":"taxable","17":"shipping-taxable","18":"purchasable","19":"product-type-simple"},"acf":[],"yoast_head":"<!-- This site is optimized with the Yoast SEO plugin v26.3 - https:\/\/yoast.com\/wordpress\/plugins\/seo\/ -->\n<title>Avgaspackning (insatslock) f\u00f6r Scania 6-cylindrig - Filter Refresh Proshop<\/title>\n<meta name=\"description\" content=\"Avgaspackning \u00e4r avsedd f\u00f6r att anv\u00e4ndas i samband med montering av partikelfilter. Passar till Scania P-, G-, R- samt S-serien med 6-cylindrig motor.\" \/>\n<meta name=\"robots\" content=\"index, follow, max-snippet:-1, max-image-preview:large, max-video-preview:-1\" \/>\n<link rel=\"canonical\" href=\"https:\/\/proshop.filterrefresh.se\/en\/product\/dinex-avgaspackning-for-scania-6ll006-euro-6\/\" \/>\n<meta property=\"og:locale\" content=\"en_GB\" \/>\n<meta property=\"og:type\" content=\"article\" \/>\n<meta property=\"og:title\" content=\"Avgaspackning (insatslock) f\u00f6r Scania 6-cylindrig - Filter Refresh Proshop\" \/>\n<meta property=\"og:description\" content=\"Avgaspackning \u00e4r avsedd f\u00f6r att anv\u00e4ndas i samband med montering av partikelfilter. Passar till Scania P-, G-, R- samt S-serien med 6-cylindrig motor.\" \/>\n<meta property=\"og:url\" content=\"https:\/\/proshop.filterrefresh.se\/en\/product\/dinex-avgaspackning-for-scania-6ll006-euro-6\/\" \/>\n<meta property=\"og:site_name\" content=\"Filter Refresh Proshop\" \/>\n<meta property=\"article:publisher\" content=\"https:\/\/www.facebook.com\/filterrefresh\" \/>\n<meta property=\"article:modified_time\" content=\"2025-06-09T12:46:21+00:00\" \/>\n<meta property=\"og:image\" content=\"https:\/\/proshop.filterrefresh.se\/wp-content\/uploads\/2025\/03\/6LL006-Main-scaled.avif\" \/>\n\t<meta property=\"og:image:width\" content=\"2560\" \/>\n\t<meta property=\"og:image:height\" content=\"2560\" \/>\n\t<meta property=\"og:image:type\" content=\"image\/jpeg\" \/>\n<meta name=\"twitter:card\" content=\"summary_large_image\" \/>\n<meta name=\"twitter:label1\" content=\"Estimated reading time\" \/>\n\t<meta name=\"twitter:data1\" content=\"1 minute\" \/>\n<script type=\"application\/ld+json\" class=\"yoast-schema-graph\">{\"@context\":\"https:\/\/schema.org\",\"@graph\":[{\"@type\":\"WebPage\",\"@id\":\"https:\/\/proshop.filterrefresh.se\/produkt\/dinex-avgaspackning-for-scania-6ll006-euro-6\/\",\"url\":\"https:\/\/proshop.filterrefresh.se\/produkt\/dinex-avgaspackning-for-scania-6ll006-euro-6\/\",\"name\":\"Avgaspackning (insatslock) f\u00f6r Scania 6-cylindrig - Filter Refresh Proshop\",\"isPartOf\":{\"@id\":\"https:\/\/proshop.filterrefresh.se\/#website\"},\"primaryImageOfPage\":{\"@id\":\"https:\/\/proshop.filterrefresh.se\/produkt\/dinex-avgaspackning-for-scania-6ll006-euro-6\/#primaryimage\"},\"image\":{\"@id\":\"https:\/\/proshop.filterrefresh.se\/produkt\/dinex-avgaspackning-for-scania-6ll006-euro-6\/#primaryimage\"},\"thumbnailUrl\":\"https:\/\/proshop.filterrefresh.se\/wp-content\/uploads\/2025\/03\/6LL006-Main-scaled.avif\",\"datePublished\":\"2025-03-04T15:34:58+00:00\",\"dateModified\":\"2025-06-09T12:46:21+00:00\",\"description\":\"Avgaspackning \u00e4r avsedd f\u00f6r att anv\u00e4ndas i samband med montering av partikelfilter. Passar till Scania P-, G-, R- samt S-serien med 6-cylindrig motor.\",\"breadcrumb\":{\"@id\":\"https:\/\/proshop.filterrefresh.se\/produkt\/dinex-avgaspackning-for-scania-6ll006-euro-6\/#breadcrumb\"},\"inLanguage\":\"en-GB\",\"potentialAction\":[{\"@type\":\"ReadAction\",\"target\":[\"https:\/\/proshop.filterrefresh.se\/produkt\/dinex-avgaspackning-for-scania-6ll006-euro-6\/\"]}]},{\"@type\":\"ImageObject\",\"inLanguage\":\"en-GB\",\"@id\":\"https:\/\/proshop.filterrefresh.se\/produkt\/dinex-avgaspackning-for-scania-6ll006-euro-6\/#primaryimage\",\"url\":\"https:\/\/proshop.filterrefresh.se\/wp-content\/uploads\/2025\/03\/6LL006-Main-scaled.avif\",\"contentUrl\":\"https:\/\/proshop.filterrefresh.se\/wp-content\/uploads\/2025\/03\/6LL006-Main-scaled.avif\",\"width\":2560,\"height\":2560},{\"@type\":\"BreadcrumbList\",\"@id\":\"https:\/\/proshop.filterrefresh.se\/produkt\/dinex-avgaspackning-for-scania-6ll006-euro-6\/#breadcrumb\",\"itemListElement\":[{\"@type\":\"ListItem\",\"position\":1,\"name\":\"Hem\",\"item\":\"https:\/\/proshop.filterrefresh.se\/\"},{\"@type\":\"ListItem\",\"position\":2,\"name\":\"Butik\",\"item\":\"https:\/\/proshop.filterrefresh.se\/butik\/\"},{\"@type\":\"ListItem\",\"position\":3,\"name\":\"Avgaspackning (insatslock) f\u00f6r Scania 6-cylindrig\"}]},{\"@type\":\"WebSite\",\"@id\":\"https:\/\/proshop.filterrefresh.se\/#website\",\"url\":\"https:\/\/proshop.filterrefresh.se\/\",\"name\":\"Filter Refresh Proshop\",\"description\":\"Specialister p\u00e5 avgaskomponenter\",\"publisher\":{\"@id\":\"https:\/\/proshop.filterrefresh.se\/#organization\"},\"potentialAction\":[{\"@type\":\"SearchAction\",\"target\":{\"@type\":\"EntryPoint\",\"urlTemplate\":\"https:\/\/proshop.filterrefresh.se\/?s={search_term_string}\"},\"query-input\":{\"@type\":\"PropertyValueSpecification\",\"valueRequired\":true,\"valueName\":\"search_term_string\"}}],\"inLanguage\":\"en-GB\"},{\"@type\":\"Organization\",\"@id\":\"https:\/\/proshop.filterrefresh.se\/#organization\",\"name\":\"Filter Refresh Proshop\",\"url\":\"https:\/\/proshop.filterrefresh.se\/\",\"logo\":{\"@type\":\"ImageObject\",\"inLanguage\":\"en-GB\",\"@id\":\"https:\/\/proshop.filterrefresh.se\/#\/schema\/logo\/image\/\",\"url\":\"https:\/\/proshop.filterrefresh.se\/wp-content\/uploads\/2025\/02\/filter-refresh-pro-shop-main-white.webp\",\"contentUrl\":\"https:\/\/proshop.filterrefresh.se\/wp-content\/uploads\/2025\/02\/filter-refresh-pro-shop-main-white.webp\",\"width\":368,\"height\":110,\"caption\":\"Filter Refresh Proshop\"},\"image\":{\"@id\":\"https:\/\/proshop.filterrefresh.se\/#\/schema\/logo\/image\/\"},\"sameAs\":[\"https:\/\/www.facebook.com\/filterrefresh\",\"https:\/\/www.instagram.com\/filter_refresh\"]}]}<\/script>\n<!-- \/ Yoast SEO plugin. -->","yoast_head_json":{"title":"Avgaspackning (insatslock) f\u00f6r Scania 6-cylindrig - Filter Refresh Proshop","description":"Avgaspackning \u00e4r avsedd f\u00f6r att anv\u00e4ndas i samband med montering av partikelfilter. Passar till Scania P-, G-, R- samt S-serien med 6-cylindrig motor.","robots":{"index":"index","follow":"follow","max-snippet":"max-snippet:-1","max-image-preview":"max-image-preview:large","max-video-preview":"max-video-preview:-1"},"canonical":"https:\/\/proshop.filterrefresh.se\/en\/product\/dinex-avgaspackning-for-scania-6ll006-euro-6\/","og_locale":"en_GB","og_type":"article","og_title":"Avgaspackning (insatslock) f\u00f6r Scania 6-cylindrig - Filter Refresh Proshop","og_description":"Avgaspackning \u00e4r avsedd f\u00f6r att anv\u00e4ndas i samband med montering av partikelfilter. Passar till Scania P-, G-, R- samt S-serien med 6-cylindrig motor.","og_url":"https:\/\/proshop.filterrefresh.se\/en\/product\/dinex-avgaspackning-for-scania-6ll006-euro-6\/","og_site_name":"Filter Refresh Proshop","article_publisher":"https:\/\/www.facebook.com\/filterrefresh","article_modified_time":"2025-06-09T12:46:21+00:00","og_image":[{"width":2560,"height":2560,"url":"https:\/\/proshop.filterrefresh.se\/wp-content\/uploads\/2025\/03\/6LL006-Main-scaled.avif","type":"image\/jpeg"}],"twitter_card":"summary_large_image","twitter_misc":{"Estimated reading time":"1 minute"},"schema":{"@context":"https:\/\/schema.org","@graph":[{"@type":"WebPage","@id":"https:\/\/proshop.filterrefresh.se\/produkt\/dinex-avgaspackning-for-scania-6ll006-euro-6\/","url":"https:\/\/proshop.filterrefresh.se\/produkt\/dinex-avgaspackning-for-scania-6ll006-euro-6\/","name":"Avgaspackning (insatslock) f\u00f6r Scania 6-cylindrig - Filter Refresh Proshop","isPartOf":{"@id":"https:\/\/proshop.filterrefresh.se\/#website"},"primaryImageOfPage":{"@id":"https:\/\/proshop.filterrefresh.se\/produkt\/dinex-avgaspackning-for-scania-6ll006-euro-6\/#primaryimage"},"image":{"@id":"https:\/\/proshop.filterrefresh.se\/produkt\/dinex-avgaspackning-for-scania-6ll006-euro-6\/#primaryimage"},"thumbnailUrl":"https:\/\/proshop.filterrefresh.se\/wp-content\/uploads\/2025\/03\/6LL006-Main-scaled.avif","datePublished":"2025-03-04T15:34:58+00:00","dateModified":"2025-06-09T12:46:21+00:00","description":"Avgaspackning \u00e4r avsedd f\u00f6r att anv\u00e4ndas i samband med montering av partikelfilter. Passar till Scania P-, G-, R- samt S-serien med 6-cylindrig motor.","breadcrumb":{"@id":"https:\/\/proshop.filterrefresh.se\/produkt\/dinex-avgaspackning-for-scania-6ll006-euro-6\/#breadcrumb"},"inLanguage":"en-GB","potentialAction":[{"@type":"ReadAction","target":["https:\/\/proshop.filterrefresh.se\/produkt\/dinex-avgaspackning-for-scania-6ll006-euro-6\/"]}]},{"@type":"ImageObject","inLanguage":"en-GB","@id":"https:\/\/proshop.filterrefresh.se\/produkt\/dinex-avgaspackning-for-scania-6ll006-euro-6\/#primaryimage","url":"https:\/\/proshop.filterrefresh.se\/wp-content\/uploads\/2025\/03\/6LL006-Main-scaled.avif","contentUrl":"https:\/\/proshop.filterrefresh.se\/wp-content\/uploads\/2025\/03\/6LL006-Main-scaled.avif","width":2560,"height":2560},{"@type":"BreadcrumbList","@id":"https:\/\/proshop.filterrefresh.se\/produkt\/dinex-avgaspackning-for-scania-6ll006-euro-6\/#breadcrumb","itemListElement":[{"@type":"ListItem","position":1,"name":"Hem","item":"https:\/\/proshop.filterrefresh.se\/"},{"@type":"ListItem","position":2,"name":"Butik","item":"https:\/\/proshop.filterrefresh.se\/butik\/"},{"@type":"ListItem","position":3,"name":"Avgaspackning (insatslock) f\u00f6r Scania 6-cylindrig"}]},{"@type":"WebSite","@id":"https:\/\/proshop.filterrefresh.se\/#website","url":"https:\/\/proshop.filterrefresh.se\/","name":"Filter Refresh Proshop","description":"Specialister p\u00e5 avgaskomponenter","publisher":{"@id":"https:\/\/proshop.filterrefresh.se\/#organization"},"potentialAction":[{"@type":"SearchAction","target":{"@type":"EntryPoint","urlTemplate":"https:\/\/proshop.filterrefresh.se\/?s={search_term_string}"},"query-input":{"@type":"PropertyValueSpecification","valueRequired":true,"valueName":"search_term_string"}}],"inLanguage":"en-GB"},{"@type":"Organization","@id":"https:\/\/proshop.filterrefresh.se\/#organization","name":"Filter Refresh Proshop","url":"https:\/\/proshop.filterrefresh.se\/","logo":{"@type":"ImageObject","inLanguage":"en-GB","@id":"https:\/\/proshop.filterrefresh.se\/#\/schema\/logo\/image\/","url":"https:\/\/proshop.filterrefresh.se\/wp-content\/uploads\/2025\/02\/filter-refresh-pro-shop-main-white.webp","contentUrl":"https:\/\/proshop.filterrefresh.se\/wp-content\/uploads\/2025\/02\/filter-refresh-pro-shop-main-white.webp","width":368,"height":110,"caption":"Filter Refresh Proshop"},"image":{"@id":"https:\/\/proshop.filterrefresh.se\/#\/schema\/logo\/image\/"},"sameAs":["https:\/\/www.facebook.com\/filterrefresh","https:\/\/www.instagram.com\/filter_refresh"]}]}},"_links":{"self":[{"href":"https:\/\/proshop.filterrefresh.se\/en\/wp-json\/wp\/v2\/product\/593","targetHints":{"allow":["GET"]}}],"collection":[{"href":"https:\/\/proshop.filterrefresh.se\/en\/wp-json\/wp\/v2\/product"}],"about":[{"href":"https:\/\/proshop.filterrefresh.se\/en\/wp-json\/wp\/v2\/types\/product"}],"wp:featuredmedia":[{"embeddable":true,"href":"https:\/\/proshop.filterrefresh.se\/en\/wp-json\/wp\/v2\/media\/1084"}],"wp:attachment":[{"href":"https:\/\/proshop.filterrefresh.se\/en\/wp-json\/wp\/v2\/media?parent=593"}],"wp:term":[{"taxonomy":"product_brand","embeddable":true,"href":"https:\/\/proshop.filterrefresh.se\/en\/wp-json\/wp\/v2\/product_brand?post=593"},{"taxonomy":"product_cat","embeddable":true,"href":"https:\/\/proshop.filterrefresh.se\/en\/wp-json\/wp\/v2\/product_cat?post=593"},{"taxonomy":"product_tag","embeddable":true,"href":"https:\/\/proshop.filterrefresh.se\/en\/wp-json\/wp\/v2\/product_tag?post=593"}],"curies":[{"name":"wp","href":"https:\/\/api.w.org\/{rel}","templated":true}]}}