
{"id":647,"date":"2025-03-05T11:59:57","date_gmt":"2025-03-05T10:59:57","guid":{"rendered":"https:\/\/proshop.filterrefresh.se\/?post_type=product&#038;p=647"},"modified":"2025-06-09T13:10:11","modified_gmt":"2025-06-09T11:10:11","slug":"avgaspackning-for-scania-6ll007","status":"publish","type":"product","link":"https:\/\/proshop.filterrefresh.se\/en\/product\/avgaspackning-for-scania-6ll007\/","title":{"rendered":"Avgaspackning (insatspackning) f\u00f6r Scania V8"},"content":{"rendered":"<h2 style=\"font-size: 20px; color: #1a1a1a; margin-bottom: 8px;\">F\u00f6r en s\u00e4ker montering av Scania DPF V8<\/h2>\n<p>Dinex avgaspackning, 71-6LL007, \u00e4r avsedd f\u00f6r att anv\u00e4ndas i samband med montering av <a href=\"https:\/\/proshop.filterrefresh.se\/en\/product\/partikelfilter-dpf-for-scania-6li001\/\">partikelfilter, 71-6LI001<\/a>. Packningen \u00e4r grafitbaserad och s\u00e4kerst\u00e4ller en p\u00e5litlig f\u00f6rsegling mellan partikelfiltret och ljudd\u00e4mparh\u00f6ljet.<\/p>\n<h3 style=\"font-size: 18px; color: #1a1a1a; margin-bottom: 8px; margin-top: 24px;\">Passar till<\/h3>\n<p>Partikelfiltret passar till Scania P-, G-, R-serien med V8 motor (DC16 101-106), motsvarande 520-730 HK. Kompatibel med fordon fr\u00e5n 2014 och fram\u00e5t.<\/p>\n<p>Kontrollera alltid modellbeteckning, motorvolym, effekt och \u00e5rsmodell f\u00f6r exakt matchning. Du \u00e4r v\u00e4lkommen att kontakta oss om du beh\u00f6ver hj\u00e4lp.<\/p>\n<h3 style=\"font-size: 18px; color: #1a1a1a; margin-bottom: 8px; margin-top: 24px;\">Passar med<\/h3>\n<p>Kombineras ofta med f\u00f6ljande packningar:<\/p>\n<p><a href=\"https:\/\/proshop.filterrefresh.se\/en\/product\/veefit-klamma-for-scania-6ll000\/\">Avgaskl\u00e4mma f\u00f6r Scania \u2013 6LL000 &#8211; Ers\u00e4tter OE-nummer 2137233<\/a><br \/>\n<a href=\"https:\/\/proshop.filterrefresh.se\/en\/product\/avgaspackning-for-scania-6ll002\/\">Avgaspackning f\u00f6r Scania \u2013 6LL002 &#8211; Ers\u00e4tter OE-nummer 2137231<\/a><\/p>\n<p>\u00c4r avsedd f\u00f6r partikelfilter, 71-6LI001 f\u00f6r Scania Ljudd\u00e4mpare V8.<\/p>\n<h3 style=\"font-size: 18px; color: #1a1a1a; margin-bottom: 8px; margin-top: 24px;\">Inkluderad i<\/h3>\n<p>Vid best\u00e4llning av <a href=\"https:\/\/proshop.filterrefresh.se\/en\/product\/partikelfilter-dpf-for-scania-6li001\/\">partikelfiltret, 71-6LI001<\/a> eller <a href=\"https:\/\/proshop.filterrefresh.se\/en\/product\/avgaspacknings-och-avgasklamkit-for-scania-6ll017\/\">packnings kit, 71-6LL017<\/a> inkluderas packningen.<\/p>","protected":false},"excerpt":{"rendered":"<p>Denna grafitbaserade avgaspackning fr\u00e5n Dinex \u00e4r designad f\u00f6r Scania-fordon enligt Euro 6-standarder. Med OE-nummer 2137602 och 2431439 erbjuder den en exakt passform och p\u00e5litlig t\u00e4tning f\u00f6r att optimera avgassystemets prestanda.<\/p>","protected":false},"featured_media":1032,"template":"","meta":{"_acf_changed":false},"product_brand":[33],"product_cat":[384],"product_tag":[317,310,314,389],"class_list":{"0":"post-647","1":"product","2":"type-product","3":"status-publish","4":"has-post-thumbnail","6":"product_brand-dinex","7":"product_cat-avgaspackningar","8":"product_tag-avgaspackning","9":"product_tag-euro-6","10":"product_tag-scania","11":"product_tag-tunga-fordon","12":"product_shipping_class-paket","14":"first","15":"instock","16":"taxable","17":"shipping-taxable","18":"purchasable","19":"product-type-simple"},"acf":[],"yoast_head":"<!-- This site is optimized with the Yoast SEO plugin v26.3 - https:\/\/yoast.com\/wordpress\/plugins\/seo\/ -->\n<title>Dinex Avgaspackning (insatspackning) f\u00f6r Scania V8 - Filter Refresh Proshop<\/title>\n<meta name=\"description\" content=\"Insatspackning f\u00f6r Scania V8 DPF. Packningen \u00e4r grafitbaserad och s\u00e4kerst\u00e4ller en p\u00e5litlig f\u00f6rsegling mellan partikelfiltret och ljudd\u00e4mparh\u00f6ljet.\" \/>\n<meta name=\"robots\" content=\"index, follow, max-snippet:-1, max-image-preview:large, max-video-preview:-1\" \/>\n<link rel=\"canonical\" href=\"https:\/\/proshop.filterrefresh.se\/en\/product\/avgaspackning-for-scania-6ll007\/\" \/>\n<meta property=\"og:locale\" content=\"en_GB\" \/>\n<meta property=\"og:type\" content=\"article\" \/>\n<meta property=\"og:title\" content=\"Dinex Avgaspackning (insatspackning) f\u00f6r Scania V8 - Filter Refresh Proshop\" \/>\n<meta property=\"og:description\" content=\"Insatspackning f\u00f6r Scania V8 DPF. Packningen \u00e4r grafitbaserad och s\u00e4kerst\u00e4ller en p\u00e5litlig f\u00f6rsegling mellan partikelfiltret och ljudd\u00e4mparh\u00f6ljet.\" \/>\n<meta property=\"og:url\" content=\"https:\/\/proshop.filterrefresh.se\/en\/product\/avgaspackning-for-scania-6ll007\/\" \/>\n<meta property=\"og:site_name\" content=\"Filter Refresh Proshop\" \/>\n<meta property=\"article:publisher\" content=\"https:\/\/www.facebook.com\/filterrefresh\" \/>\n<meta property=\"article:modified_time\" content=\"2025-06-09T11:10:11+00:00\" \/>\n<meta property=\"og:image\" content=\"https:\/\/proshop.filterrefresh.se\/wp-content\/uploads\/2025\/03\/6LL007-main-scaled.avif\" \/>\n\t<meta property=\"og:image:width\" content=\"2560\" \/>\n\t<meta property=\"og:image:height\" content=\"2560\" \/>\n\t<meta property=\"og:image:type\" content=\"image\/jpeg\" \/>\n<meta name=\"twitter:card\" content=\"summary_large_image\" \/>\n<meta name=\"twitter:label1\" content=\"Estimated reading time\" \/>\n\t<meta name=\"twitter:data1\" content=\"1 minute\" \/>\n<script type=\"application\/ld+json\" class=\"yoast-schema-graph\">{\"@context\":\"https:\/\/schema.org\",\"@graph\":[{\"@type\":\"WebPage\",\"@id\":\"https:\/\/proshop.filterrefresh.se\/produkt\/avgaspackning-for-scania-6ll007\/\",\"url\":\"https:\/\/proshop.filterrefresh.se\/produkt\/avgaspackning-for-scania-6ll007\/\",\"name\":\"Dinex Avgaspackning (insatspackning) f\u00f6r Scania V8 - Filter Refresh Proshop\",\"isPartOf\":{\"@id\":\"https:\/\/proshop.filterrefresh.se\/#website\"},\"primaryImageOfPage\":{\"@id\":\"https:\/\/proshop.filterrefresh.se\/produkt\/avgaspackning-for-scania-6ll007\/#primaryimage\"},\"image\":{\"@id\":\"https:\/\/proshop.filterrefresh.se\/produkt\/avgaspackning-for-scania-6ll007\/#primaryimage\"},\"thumbnailUrl\":\"https:\/\/proshop.filterrefresh.se\/wp-content\/uploads\/2025\/03\/6LL007-main-scaled.avif\",\"datePublished\":\"2025-03-05T10:59:57+00:00\",\"dateModified\":\"2025-06-09T11:10:11+00:00\",\"description\":\"Insatspackning f\u00f6r Scania V8 DPF. Packningen \u00e4r grafitbaserad och s\u00e4kerst\u00e4ller en p\u00e5litlig f\u00f6rsegling mellan partikelfiltret och ljudd\u00e4mparh\u00f6ljet.\",\"breadcrumb\":{\"@id\":\"https:\/\/proshop.filterrefresh.se\/produkt\/avgaspackning-for-scania-6ll007\/#breadcrumb\"},\"inLanguage\":\"en-GB\",\"potentialAction\":[{\"@type\":\"ReadAction\",\"target\":[\"https:\/\/proshop.filterrefresh.se\/produkt\/avgaspackning-for-scania-6ll007\/\"]}]},{\"@type\":\"ImageObject\",\"inLanguage\":\"en-GB\",\"@id\":\"https:\/\/proshop.filterrefresh.se\/produkt\/avgaspackning-for-scania-6ll007\/#primaryimage\",\"url\":\"https:\/\/proshop.filterrefresh.se\/wp-content\/uploads\/2025\/03\/6LL007-main-scaled.avif\",\"contentUrl\":\"https:\/\/proshop.filterrefresh.se\/wp-content\/uploads\/2025\/03\/6LL007-main-scaled.avif\",\"width\":2560,\"height\":2560},{\"@type\":\"BreadcrumbList\",\"@id\":\"https:\/\/proshop.filterrefresh.se\/produkt\/avgaspackning-for-scania-6ll007\/#breadcrumb\",\"itemListElement\":[{\"@type\":\"ListItem\",\"position\":1,\"name\":\"Hem\",\"item\":\"https:\/\/proshop.filterrefresh.se\/\"},{\"@type\":\"ListItem\",\"position\":2,\"name\":\"Butik\",\"item\":\"https:\/\/proshop.filterrefresh.se\/butik\/\"},{\"@type\":\"ListItem\",\"position\":3,\"name\":\"Avgaspackning (insatspackning) f\u00f6r Scania V8\"}]},{\"@type\":\"WebSite\",\"@id\":\"https:\/\/proshop.filterrefresh.se\/#website\",\"url\":\"https:\/\/proshop.filterrefresh.se\/\",\"name\":\"Filter Refresh Proshop\",\"description\":\"Specialister p\u00e5 avgaskomponenter\",\"publisher\":{\"@id\":\"https:\/\/proshop.filterrefresh.se\/#organization\"},\"potentialAction\":[{\"@type\":\"SearchAction\",\"target\":{\"@type\":\"EntryPoint\",\"urlTemplate\":\"https:\/\/proshop.filterrefresh.se\/?s={search_term_string}\"},\"query-input\":{\"@type\":\"PropertyValueSpecification\",\"valueRequired\":true,\"valueName\":\"search_term_string\"}}],\"inLanguage\":\"en-GB\"},{\"@type\":\"Organization\",\"@id\":\"https:\/\/proshop.filterrefresh.se\/#organization\",\"name\":\"Filter Refresh Proshop\",\"url\":\"https:\/\/proshop.filterrefresh.se\/\",\"logo\":{\"@type\":\"ImageObject\",\"inLanguage\":\"en-GB\",\"@id\":\"https:\/\/proshop.filterrefresh.se\/#\/schema\/logo\/image\/\",\"url\":\"https:\/\/proshop.filterrefresh.se\/wp-content\/uploads\/2025\/02\/filter-refresh-pro-shop-main-white.webp\",\"contentUrl\":\"https:\/\/proshop.filterrefresh.se\/wp-content\/uploads\/2025\/02\/filter-refresh-pro-shop-main-white.webp\",\"width\":368,\"height\":110,\"caption\":\"Filter Refresh Proshop\"},\"image\":{\"@id\":\"https:\/\/proshop.filterrefresh.se\/#\/schema\/logo\/image\/\"},\"sameAs\":[\"https:\/\/www.facebook.com\/filterrefresh\",\"https:\/\/www.instagram.com\/filter_refresh\"]}]}<\/script>\n<!-- \/ Yoast SEO plugin. -->","yoast_head_json":{"title":"Dinex Avgaspackning (insatspackning) f\u00f6r Scania V8 - Filter Refresh Proshop","description":"Insatspackning f\u00f6r Scania V8 DPF. Packningen \u00e4r grafitbaserad och s\u00e4kerst\u00e4ller en p\u00e5litlig f\u00f6rsegling mellan partikelfiltret och ljudd\u00e4mparh\u00f6ljet.","robots":{"index":"index","follow":"follow","max-snippet":"max-snippet:-1","max-image-preview":"max-image-preview:large","max-video-preview":"max-video-preview:-1"},"canonical":"https:\/\/proshop.filterrefresh.se\/en\/product\/avgaspackning-for-scania-6ll007\/","og_locale":"en_GB","og_type":"article","og_title":"Dinex Avgaspackning (insatspackning) f\u00f6r Scania V8 - Filter Refresh Proshop","og_description":"Insatspackning f\u00f6r Scania V8 DPF. Packningen \u00e4r grafitbaserad och s\u00e4kerst\u00e4ller en p\u00e5litlig f\u00f6rsegling mellan partikelfiltret och ljudd\u00e4mparh\u00f6ljet.","og_url":"https:\/\/proshop.filterrefresh.se\/en\/product\/avgaspackning-for-scania-6ll007\/","og_site_name":"Filter Refresh Proshop","article_publisher":"https:\/\/www.facebook.com\/filterrefresh","article_modified_time":"2025-06-09T11:10:11+00:00","og_image":[{"width":2560,"height":2560,"url":"https:\/\/proshop.filterrefresh.se\/wp-content\/uploads\/2025\/03\/6LL007-main-scaled.avif","type":"image\/jpeg"}],"twitter_card":"summary_large_image","twitter_misc":{"Estimated reading time":"1 minute"},"schema":{"@context":"https:\/\/schema.org","@graph":[{"@type":"WebPage","@id":"https:\/\/proshop.filterrefresh.se\/produkt\/avgaspackning-for-scania-6ll007\/","url":"https:\/\/proshop.filterrefresh.se\/produkt\/avgaspackning-for-scania-6ll007\/","name":"Dinex Avgaspackning (insatspackning) f\u00f6r Scania V8 - Filter Refresh Proshop","isPartOf":{"@id":"https:\/\/proshop.filterrefresh.se\/#website"},"primaryImageOfPage":{"@id":"https:\/\/proshop.filterrefresh.se\/produkt\/avgaspackning-for-scania-6ll007\/#primaryimage"},"image":{"@id":"https:\/\/proshop.filterrefresh.se\/produkt\/avgaspackning-for-scania-6ll007\/#primaryimage"},"thumbnailUrl":"https:\/\/proshop.filterrefresh.se\/wp-content\/uploads\/2025\/03\/6LL007-main-scaled.avif","datePublished":"2025-03-05T10:59:57+00:00","dateModified":"2025-06-09T11:10:11+00:00","description":"Insatspackning f\u00f6r Scania V8 DPF. Packningen \u00e4r grafitbaserad och s\u00e4kerst\u00e4ller en p\u00e5litlig f\u00f6rsegling mellan partikelfiltret och ljudd\u00e4mparh\u00f6ljet.","breadcrumb":{"@id":"https:\/\/proshop.filterrefresh.se\/produkt\/avgaspackning-for-scania-6ll007\/#breadcrumb"},"inLanguage":"en-GB","potentialAction":[{"@type":"ReadAction","target":["https:\/\/proshop.filterrefresh.se\/produkt\/avgaspackning-for-scania-6ll007\/"]}]},{"@type":"ImageObject","inLanguage":"en-GB","@id":"https:\/\/proshop.filterrefresh.se\/produkt\/avgaspackning-for-scania-6ll007\/#primaryimage","url":"https:\/\/proshop.filterrefresh.se\/wp-content\/uploads\/2025\/03\/6LL007-main-scaled.avif","contentUrl":"https:\/\/proshop.filterrefresh.se\/wp-content\/uploads\/2025\/03\/6LL007-main-scaled.avif","width":2560,"height":2560},{"@type":"BreadcrumbList","@id":"https:\/\/proshop.filterrefresh.se\/produkt\/avgaspackning-for-scania-6ll007\/#breadcrumb","itemListElement":[{"@type":"ListItem","position":1,"name":"Hem","item":"https:\/\/proshop.filterrefresh.se\/"},{"@type":"ListItem","position":2,"name":"Butik","item":"https:\/\/proshop.filterrefresh.se\/butik\/"},{"@type":"ListItem","position":3,"name":"Avgaspackning (insatspackning) f\u00f6r Scania V8"}]},{"@type":"WebSite","@id":"https:\/\/proshop.filterrefresh.se\/#website","url":"https:\/\/proshop.filterrefresh.se\/","name":"Filter Refresh Proshop","description":"Specialister p\u00e5 avgaskomponenter","publisher":{"@id":"https:\/\/proshop.filterrefresh.se\/#organization"},"potentialAction":[{"@type":"SearchAction","target":{"@type":"EntryPoint","urlTemplate":"https:\/\/proshop.filterrefresh.se\/?s={search_term_string}"},"query-input":{"@type":"PropertyValueSpecification","valueRequired":true,"valueName":"search_term_string"}}],"inLanguage":"en-GB"},{"@type":"Organization","@id":"https:\/\/proshop.filterrefresh.se\/#organization","name":"Filter Refresh Proshop","url":"https:\/\/proshop.filterrefresh.se\/","logo":{"@type":"ImageObject","inLanguage":"en-GB","@id":"https:\/\/proshop.filterrefresh.se\/#\/schema\/logo\/image\/","url":"https:\/\/proshop.filterrefresh.se\/wp-content\/uploads\/2025\/02\/filter-refresh-pro-shop-main-white.webp","contentUrl":"https:\/\/proshop.filterrefresh.se\/wp-content\/uploads\/2025\/02\/filter-refresh-pro-shop-main-white.webp","width":368,"height":110,"caption":"Filter Refresh Proshop"},"image":{"@id":"https:\/\/proshop.filterrefresh.se\/#\/schema\/logo\/image\/"},"sameAs":["https:\/\/www.facebook.com\/filterrefresh","https:\/\/www.instagram.com\/filter_refresh"]}]}},"_links":{"self":[{"href":"https:\/\/proshop.filterrefresh.se\/en\/wp-json\/wp\/v2\/product\/647","targetHints":{"allow":["GET"]}}],"collection":[{"href":"https:\/\/proshop.filterrefresh.se\/en\/wp-json\/wp\/v2\/product"}],"about":[{"href":"https:\/\/proshop.filterrefresh.se\/en\/wp-json\/wp\/v2\/types\/product"}],"wp:featuredmedia":[{"embeddable":true,"href":"https:\/\/proshop.filterrefresh.se\/en\/wp-json\/wp\/v2\/media\/1032"}],"wp:attachment":[{"href":"https:\/\/proshop.filterrefresh.se\/en\/wp-json\/wp\/v2\/media?parent=647"}],"wp:term":[{"taxonomy":"product_brand","embeddable":true,"href":"https:\/\/proshop.filterrefresh.se\/en\/wp-json\/wp\/v2\/product_brand?post=647"},{"taxonomy":"product_cat","embeddable":true,"href":"https:\/\/proshop.filterrefresh.se\/en\/wp-json\/wp\/v2\/product_cat?post=647"},{"taxonomy":"product_tag","embeddable":true,"href":"https:\/\/proshop.filterrefresh.se\/en\/wp-json\/wp\/v2\/product_tag?post=647"}],"curies":[{"name":"wp","href":"https:\/\/api.w.org\/{rel}","templated":true}]}}