
{"id":720,"date":"2025-03-07T09:08:54","date_gmt":"2025-03-07T08:08:54","guid":{"rendered":"https:\/\/proshop.filterrefresh.se\/?post_type=product&#038;p=720"},"modified":"2025-04-11T12:35:04","modified_gmt":"2025-04-11T10:35:04","slug":"veefit-klamma-for-renault-volvo-8al014","status":"publish","type":"product","link":"https:\/\/proshop.filterrefresh.se\/en\/product\/veefit-klamma-for-renault-volvo-8al014\/","title":{"rendered":"Avgaskl\u00e4mma f\u00f6r Renault\/Volvo &#8211; 8AL014"},"content":{"rendered":"<p>H\u00f6gkvalitativ avgaskl\u00e4mma med artikelnummer 8AL014 f\u00f6r Renault och Volvo tunga fordon. Designad f\u00f6r att s\u00e4kra avgaskomponenter och uppfylla Euro 6-kraven. Tillverkad av slitstarkt rostfritt st\u00e5l f\u00f6r att ge en t\u00e4t och h\u00e5llbar f\u00f6rsegling i avgassystemet.<\/p>","protected":false},"excerpt":{"rendered":"<p>Rostfri avgaskl\u00e4mma f\u00f6r avgassystem p\u00e5 Renault och Volvo. Uppfyller Euro 6-kraven.<\/p>","protected":false},"featured_media":1094,"template":"","meta":{"_acf_changed":false},"product_brand":[33],"product_cat":[383],"product_tag":[316,310,321,389,320],"class_list":{"0":"post-720","1":"product","2":"type-product","3":"status-publish","4":"has-post-thumbnail","6":"product_brand-dinex","7":"product_cat-avgasklammor","8":"product_tag-avgasklamma","9":"product_tag-euro-6","10":"product_tag-renault","11":"product_tag-tunga-fordon","12":"product_tag-volvo","13":"product_shipping_class-paket","15":"first","16":"instock","17":"taxable","18":"shipping-taxable","19":"purchasable","20":"product-type-simple"},"acf":[],"yoast_head":"<!-- This site is optimized with the Yoast SEO plugin v26.3 - https:\/\/yoast.com\/wordpress\/plugins\/seo\/ -->\n<title>Dinex Avgaskl\u00e4mma f\u00f6r Renault\/Volvo - 8AL014 - Filter Refresh Proshop<\/title>\n<meta name=\"robots\" content=\"index, follow, max-snippet:-1, max-image-preview:large, max-video-preview:-1\" \/>\n<link rel=\"canonical\" href=\"https:\/\/proshop.filterrefresh.se\/en\/product\/veefit-klamma-for-renault-volvo-8al014\/\" \/>\n<meta property=\"og:locale\" content=\"en_GB\" \/>\n<meta property=\"og:type\" content=\"article\" \/>\n<meta property=\"og:title\" content=\"Dinex Avgaskl\u00e4mma f\u00f6r Renault\/Volvo - 8AL014 - Filter Refresh Proshop\" \/>\n<meta property=\"og:description\" content=\"Rostfri avgaskl\u00e4mma f\u00f6r avgassystem p\u00e5 Renault och Volvo. Uppfyller Euro 6-kraven.\" \/>\n<meta property=\"og:url\" content=\"https:\/\/proshop.filterrefresh.se\/en\/product\/veefit-klamma-for-renault-volvo-8al014\/\" \/>\n<meta property=\"og:site_name\" content=\"Filter Refresh Proshop\" \/>\n<meta property=\"article:publisher\" content=\"https:\/\/www.facebook.com\/filterrefresh\" \/>\n<meta property=\"article:modified_time\" content=\"2025-04-11T10:35:04+00:00\" \/>\n<meta property=\"og:image\" content=\"https:\/\/proshop.filterrefresh.se\/wp-content\/uploads\/2025\/03\/8AL014-2-wm.jpg\" \/>\n\t<meta property=\"og:image:width\" content=\"500\" \/>\n\t<meta property=\"og:image:height\" content=\"333\" \/>\n\t<meta property=\"og:image:type\" content=\"image\/jpeg\" \/>\n<meta name=\"twitter:card\" content=\"summary_large_image\" \/>\n<meta name=\"twitter:label1\" content=\"Estimated reading time\" \/>\n\t<meta name=\"twitter:data1\" content=\"1 minute\" \/>\n<script type=\"application\/ld+json\" class=\"yoast-schema-graph\">{\"@context\":\"https:\/\/schema.org\",\"@graph\":[{\"@type\":\"WebPage\",\"@id\":\"https:\/\/proshop.filterrefresh.se\/produkt\/veefit-klamma-for-renault-volvo-8al014\/\",\"url\":\"https:\/\/proshop.filterrefresh.se\/produkt\/veefit-klamma-for-renault-volvo-8al014\/\",\"name\":\"Dinex Avgaskl\u00e4mma f\u00f6r Renault\/Volvo - 8AL014 - Filter Refresh Proshop\",\"isPartOf\":{\"@id\":\"https:\/\/proshop.filterrefresh.se\/#website\"},\"primaryImageOfPage\":{\"@id\":\"https:\/\/proshop.filterrefresh.se\/produkt\/veefit-klamma-for-renault-volvo-8al014\/#primaryimage\"},\"image\":{\"@id\":\"https:\/\/proshop.filterrefresh.se\/produkt\/veefit-klamma-for-renault-volvo-8al014\/#primaryimage\"},\"thumbnailUrl\":\"https:\/\/proshop.filterrefresh.se\/wp-content\/uploads\/2025\/03\/8AL014-scaled.avif\",\"datePublished\":\"2025-03-07T08:08:54+00:00\",\"dateModified\":\"2025-04-11T10:35:04+00:00\",\"breadcrumb\":{\"@id\":\"https:\/\/proshop.filterrefresh.se\/produkt\/veefit-klamma-for-renault-volvo-8al014\/#breadcrumb\"},\"inLanguage\":\"en-GB\",\"potentialAction\":[{\"@type\":\"ReadAction\",\"target\":[\"https:\/\/proshop.filterrefresh.se\/produkt\/veefit-klamma-for-renault-volvo-8al014\/\"]}]},{\"@type\":\"ImageObject\",\"inLanguage\":\"en-GB\",\"@id\":\"https:\/\/proshop.filterrefresh.se\/produkt\/veefit-klamma-for-renault-volvo-8al014\/#primaryimage\",\"url\":\"https:\/\/proshop.filterrefresh.se\/wp-content\/uploads\/2025\/03\/8AL014-scaled.avif\",\"contentUrl\":\"https:\/\/proshop.filterrefresh.se\/wp-content\/uploads\/2025\/03\/8AL014-scaled.avif\",\"width\":2560,\"height\":2560},{\"@type\":\"BreadcrumbList\",\"@id\":\"https:\/\/proshop.filterrefresh.se\/produkt\/veefit-klamma-for-renault-volvo-8al014\/#breadcrumb\",\"itemListElement\":[{\"@type\":\"ListItem\",\"position\":1,\"name\":\"Hem\",\"item\":\"https:\/\/proshop.filterrefresh.se\/\"},{\"@type\":\"ListItem\",\"position\":2,\"name\":\"Butik\",\"item\":\"https:\/\/proshop.filterrefresh.se\/butik\/\"},{\"@type\":\"ListItem\",\"position\":3,\"name\":\"Avgaskl\u00e4mma f\u00f6r Renault\/Volvo &#8211; 8AL014\"}]},{\"@type\":\"WebSite\",\"@id\":\"https:\/\/proshop.filterrefresh.se\/#website\",\"url\":\"https:\/\/proshop.filterrefresh.se\/\",\"name\":\"Filter Refresh Proshop\",\"description\":\"Specialister p\u00e5 avgaskomponenter\",\"publisher\":{\"@id\":\"https:\/\/proshop.filterrefresh.se\/#organization\"},\"potentialAction\":[{\"@type\":\"SearchAction\",\"target\":{\"@type\":\"EntryPoint\",\"urlTemplate\":\"https:\/\/proshop.filterrefresh.se\/?s={search_term_string}\"},\"query-input\":{\"@type\":\"PropertyValueSpecification\",\"valueRequired\":true,\"valueName\":\"search_term_string\"}}],\"inLanguage\":\"en-GB\"},{\"@type\":\"Organization\",\"@id\":\"https:\/\/proshop.filterrefresh.se\/#organization\",\"name\":\"Filter Refresh Proshop\",\"url\":\"https:\/\/proshop.filterrefresh.se\/\",\"logo\":{\"@type\":\"ImageObject\",\"inLanguage\":\"en-GB\",\"@id\":\"https:\/\/proshop.filterrefresh.se\/#\/schema\/logo\/image\/\",\"url\":\"https:\/\/proshop.filterrefresh.se\/wp-content\/uploads\/2025\/02\/filter-refresh-pro-shop-main-white.webp\",\"contentUrl\":\"https:\/\/proshop.filterrefresh.se\/wp-content\/uploads\/2025\/02\/filter-refresh-pro-shop-main-white.webp\",\"width\":368,\"height\":110,\"caption\":\"Filter Refresh Proshop\"},\"image\":{\"@id\":\"https:\/\/proshop.filterrefresh.se\/#\/schema\/logo\/image\/\"},\"sameAs\":[\"https:\/\/www.facebook.com\/filterrefresh\",\"https:\/\/www.instagram.com\/filter_refresh\"]}]}<\/script>\n<!-- \/ Yoast SEO plugin. -->","yoast_head_json":{"title":"Dinex Avgaskl\u00e4mma f\u00f6r Renault\/Volvo - 8AL014 - Filter Refresh Proshop","robots":{"index":"index","follow":"follow","max-snippet":"max-snippet:-1","max-image-preview":"max-image-preview:large","max-video-preview":"max-video-preview:-1"},"canonical":"https:\/\/proshop.filterrefresh.se\/en\/product\/veefit-klamma-for-renault-volvo-8al014\/","og_locale":"en_GB","og_type":"article","og_title":"Dinex Avgaskl\u00e4mma f\u00f6r Renault\/Volvo - 8AL014 - Filter Refresh Proshop","og_description":"Rostfri avgaskl\u00e4mma f\u00f6r avgassystem p\u00e5 Renault och Volvo. Uppfyller Euro 6-kraven.","og_url":"https:\/\/proshop.filterrefresh.se\/en\/product\/veefit-klamma-for-renault-volvo-8al014\/","og_site_name":"Filter Refresh Proshop","article_publisher":"https:\/\/www.facebook.com\/filterrefresh","article_modified_time":"2025-04-11T10:35:04+00:00","og_image":[{"width":500,"height":333,"url":"https:\/\/proshop.filterrefresh.se\/wp-content\/uploads\/2025\/03\/8AL014-2-wm.jpg","type":"image\/jpeg"}],"twitter_card":"summary_large_image","twitter_misc":{"Estimated reading time":"1 minute"},"schema":{"@context":"https:\/\/schema.org","@graph":[{"@type":"WebPage","@id":"https:\/\/proshop.filterrefresh.se\/produkt\/veefit-klamma-for-renault-volvo-8al014\/","url":"https:\/\/proshop.filterrefresh.se\/produkt\/veefit-klamma-for-renault-volvo-8al014\/","name":"Dinex Avgaskl\u00e4mma f\u00f6r Renault\/Volvo - 8AL014 - Filter Refresh Proshop","isPartOf":{"@id":"https:\/\/proshop.filterrefresh.se\/#website"},"primaryImageOfPage":{"@id":"https:\/\/proshop.filterrefresh.se\/produkt\/veefit-klamma-for-renault-volvo-8al014\/#primaryimage"},"image":{"@id":"https:\/\/proshop.filterrefresh.se\/produkt\/veefit-klamma-for-renault-volvo-8al014\/#primaryimage"},"thumbnailUrl":"https:\/\/proshop.filterrefresh.se\/wp-content\/uploads\/2025\/03\/8AL014-scaled.avif","datePublished":"2025-03-07T08:08:54+00:00","dateModified":"2025-04-11T10:35:04+00:00","breadcrumb":{"@id":"https:\/\/proshop.filterrefresh.se\/produkt\/veefit-klamma-for-renault-volvo-8al014\/#breadcrumb"},"inLanguage":"en-GB","potentialAction":[{"@type":"ReadAction","target":["https:\/\/proshop.filterrefresh.se\/produkt\/veefit-klamma-for-renault-volvo-8al014\/"]}]},{"@type":"ImageObject","inLanguage":"en-GB","@id":"https:\/\/proshop.filterrefresh.se\/produkt\/veefit-klamma-for-renault-volvo-8al014\/#primaryimage","url":"https:\/\/proshop.filterrefresh.se\/wp-content\/uploads\/2025\/03\/8AL014-scaled.avif","contentUrl":"https:\/\/proshop.filterrefresh.se\/wp-content\/uploads\/2025\/03\/8AL014-scaled.avif","width":2560,"height":2560},{"@type":"BreadcrumbList","@id":"https:\/\/proshop.filterrefresh.se\/produkt\/veefit-klamma-for-renault-volvo-8al014\/#breadcrumb","itemListElement":[{"@type":"ListItem","position":1,"name":"Hem","item":"https:\/\/proshop.filterrefresh.se\/"},{"@type":"ListItem","position":2,"name":"Butik","item":"https:\/\/proshop.filterrefresh.se\/butik\/"},{"@type":"ListItem","position":3,"name":"Avgaskl\u00e4mma f\u00f6r Renault\/Volvo &#8211; 8AL014"}]},{"@type":"WebSite","@id":"https:\/\/proshop.filterrefresh.se\/#website","url":"https:\/\/proshop.filterrefresh.se\/","name":"Filter Refresh Proshop","description":"Specialister p\u00e5 avgaskomponenter","publisher":{"@id":"https:\/\/proshop.filterrefresh.se\/#organization"},"potentialAction":[{"@type":"SearchAction","target":{"@type":"EntryPoint","urlTemplate":"https:\/\/proshop.filterrefresh.se\/?s={search_term_string}"},"query-input":{"@type":"PropertyValueSpecification","valueRequired":true,"valueName":"search_term_string"}}],"inLanguage":"en-GB"},{"@type":"Organization","@id":"https:\/\/proshop.filterrefresh.se\/#organization","name":"Filter Refresh Proshop","url":"https:\/\/proshop.filterrefresh.se\/","logo":{"@type":"ImageObject","inLanguage":"en-GB","@id":"https:\/\/proshop.filterrefresh.se\/#\/schema\/logo\/image\/","url":"https:\/\/proshop.filterrefresh.se\/wp-content\/uploads\/2025\/02\/filter-refresh-pro-shop-main-white.webp","contentUrl":"https:\/\/proshop.filterrefresh.se\/wp-content\/uploads\/2025\/02\/filter-refresh-pro-shop-main-white.webp","width":368,"height":110,"caption":"Filter Refresh Proshop"},"image":{"@id":"https:\/\/proshop.filterrefresh.se\/#\/schema\/logo\/image\/"},"sameAs":["https:\/\/www.facebook.com\/filterrefresh","https:\/\/www.instagram.com\/filter_refresh"]}]}},"_links":{"self":[{"href":"https:\/\/proshop.filterrefresh.se\/en\/wp-json\/wp\/v2\/product\/720","targetHints":{"allow":["GET"]}}],"collection":[{"href":"https:\/\/proshop.filterrefresh.se\/en\/wp-json\/wp\/v2\/product"}],"about":[{"href":"https:\/\/proshop.filterrefresh.se\/en\/wp-json\/wp\/v2\/types\/product"}],"wp:featuredmedia":[{"embeddable":true,"href":"https:\/\/proshop.filterrefresh.se\/en\/wp-json\/wp\/v2\/media\/1094"}],"wp:attachment":[{"href":"https:\/\/proshop.filterrefresh.se\/en\/wp-json\/wp\/v2\/media?parent=720"}],"wp:term":[{"taxonomy":"product_brand","embeddable":true,"href":"https:\/\/proshop.filterrefresh.se\/en\/wp-json\/wp\/v2\/product_brand?post=720"},{"taxonomy":"product_cat","embeddable":true,"href":"https:\/\/proshop.filterrefresh.se\/en\/wp-json\/wp\/v2\/product_cat?post=720"},{"taxonomy":"product_tag","embeddable":true,"href":"https:\/\/proshop.filterrefresh.se\/en\/wp-json\/wp\/v2\/product_tag?post=720"}],"curies":[{"name":"wp","href":"https:\/\/api.w.org\/{rel}","templated":true}]}}